{"id":10232,"date":"2025-05-09T21:51:52","date_gmt":"2025-05-09T20:51:52","guid":{"rendered":"https:\/\/automatisme-ci.com\/?post_type=product&#038;p=10232"},"modified":"2025-05-09T21:51:53","modified_gmt":"2025-05-09T20:51:53","slug":"round-linear-bearing","status":"publish","type":"product","link":"https:\/\/automatisme-ci.com\/en\/shop\/cnc\/linear-bearing\/round-linear-bearing\/","title":{"rendered":"Round Linear bearing"},"content":{"rendered":"<p>SBR16\u00a0Linear guide and rails provide a smooth, precise, guiding surface on which the rolling element of a linear bearing rides. Linear guides (Linear guideway, linear rail &amp; Linear Bearing) are available in several sizes to accommodate loads of all types, from light to heavy and offer suitable for use in numerous applications, such as machine design requiring incorporation of linear guide products into the machine structure (Same as in CNC machines).<\/p>\n<p>.<\/p>\n<p>Les guides et rails lin\u00e9aires SBR16 fournissent une surface de guidage lisse et pr\u00e9cise sur laquelle l&rsquo;\u00e9l\u00e9ment roulant d&rsquo;un palier lin\u00e9aire se d\u00e9place. Les guides lin\u00e9aires (guide lin\u00e9aire, rail lin\u00e9aire et palier lin\u00e9aire) sont disponibles en plusieurs tailles pour supporter des charges de tous types, de l\u00e9g\u00e8res \u00e0 lourdes, et conviennent \u00e0 de nombreuses applications, telles que la conception de machines n\u00e9cessitant l&rsquo;incorporation de produits de guidage lin\u00e9aire dans la structure de la machine (comme dans les machines \u00e0 commande num\u00e9rique par ordinateur).<\/p>\n<p>Traduit avec DeepL.com (version gratuite)<\/p>","protected":false},"excerpt":{"rendered":"<p>SBR16\u00a0Linear guide and rails provide a smooth, precise, guiding surface on which the rolling element of a linear bearing rides.<\/p>","protected":false},"featured_media":10234,"template":"","meta":[],"product_brand":[],"product_cat":[142],"product_tag":[211],"class_list":{"0":"post-10232","1":"product","2":"type-product","3":"status-publish","4":"has-post-thumbnail","6":"product_cat-linear-bearing","7":"product_tag-round-linear-bearing","9":"first","10":"instock","11":"shipping-taxable","12":"product-type-grouped"},"yoast_head":"<!-- This site is optimized with the Yoast SEO plugin v24.9 - https:\/\/yoast.com\/wordpress\/plugins\/seo\/ -->\n<title>Round Linear bearing - Automatisme | Pi\u00e8ces d\u00e9tach\u00e9es pour machines industrielles.<\/title>\n<meta name=\"robots\" content=\"index, follow, max-snippet:-1, max-image-preview:large, max-video-preview:-1\" \/>\n<link rel=\"canonical\" href=\"https:\/\/automatisme-ci.com\/en\/shop\/cnc\/linear-bearing\/round-linear-bearing\/\" \/>\n<meta property=\"og:locale\" content=\"en_US\" \/>\n<meta property=\"og:type\" content=\"article\" \/>\n<meta property=\"og:title\" content=\"Round Linear bearing - Automatisme | Pi\u00e8ces d\u00e9tach\u00e9es pour machines industrielles.\" \/>\n<meta property=\"og:description\" content=\"SBR16\u00a0Linear guide and rails provide a smooth, precise, guiding surface on which the rolling element of a linear bearing rides.\" \/>\n<meta property=\"og:url\" content=\"https:\/\/automatisme-ci.com\/en\/shop\/cnc\/linear-bearing\/round-linear-bearing\/\" \/>\n<meta property=\"og:site_name\" content=\"Automatisme | Pi\u00e8ces d\u00e9tach\u00e9es pour machines industrielles.\" \/>\n<meta property=\"article:publisher\" content=\"https:\/\/www.facebook.com\/profile.php?id=100053614057280&amp;mibextid=ZbWKwL\" \/>\n<meta property=\"article:modified_time\" content=\"2025-05-09T20:51:53+00:00\" \/>\n<meta property=\"og:image\" content=\"https:\/\/automatisme-ci.com\/wp-content\/uploads\/2025\/05\/77.jpg\" \/>\n\t<meta property=\"og:image:width\" content=\"454\" \/>\n\t<meta property=\"og:image:height\" content=\"340\" \/>\n\t<meta property=\"og:image:type\" content=\"image\/jpeg\" \/>\n<meta name=\"twitter:card\" content=\"summary_large_image\" \/>\n<meta name=\"twitter:label1\" content=\"Est. reading time\" \/>\n\t<meta name=\"twitter:data1\" content=\"2 minutes\" \/>\n<script type=\"application\/ld+json\" class=\"yoast-schema-graph\">{\"@context\":\"https:\/\/schema.org\",\"@graph\":[{\"@type\":\"WebPage\",\"@id\":\"https:\/\/automatisme-ci.com\/shop\/cnc\/linear-bearing\/round-linear-bearing\/\",\"url\":\"https:\/\/automatisme-ci.com\/shop\/cnc\/linear-bearing\/round-linear-bearing\/\",\"name\":\"Round Linear bearing - Automatisme | Pi\u00e8ces d\u00e9tach\u00e9es pour machines industrielles.\",\"isPartOf\":{\"@id\":\"https:\/\/automatisme-ci.com\/#website\"},\"primaryImageOfPage\":{\"@id\":\"https:\/\/automatisme-ci.com\/shop\/cnc\/linear-bearing\/round-linear-bearing\/#primaryimage\"},\"image\":{\"@id\":\"https:\/\/automatisme-ci.com\/shop\/cnc\/linear-bearing\/round-linear-bearing\/#primaryimage\"},\"thumbnailUrl\":\"https:\/\/automatisme-ci.com\/wp-content\/uploads\/2025\/05\/77.jpg\",\"datePublished\":\"2025-05-09T20:51:52+00:00\",\"dateModified\":\"2025-05-09T20:51:53+00:00\",\"breadcrumb\":{\"@id\":\"https:\/\/automatisme-ci.com\/shop\/cnc\/linear-bearing\/round-linear-bearing\/#breadcrumb\"},\"inLanguage\":\"en-US\",\"potentialAction\":[{\"@type\":\"ReadAction\",\"target\":[\"https:\/\/automatisme-ci.com\/shop\/cnc\/linear-bearing\/round-linear-bearing\/\"]}]},{\"@type\":\"ImageObject\",\"inLanguage\":\"en-US\",\"@id\":\"https:\/\/automatisme-ci.com\/shop\/cnc\/linear-bearing\/round-linear-bearing\/#primaryimage\",\"url\":\"https:\/\/automatisme-ci.com\/wp-content\/uploads\/2025\/05\/77.jpg\",\"contentUrl\":\"https:\/\/automatisme-ci.com\/wp-content\/uploads\/2025\/05\/77.jpg\",\"width\":454,\"height\":340},{\"@type\":\"BreadcrumbList\",\"@id\":\"https:\/\/automatisme-ci.com\/shop\/cnc\/linear-bearing\/round-linear-bearing\/#breadcrumb\",\"itemListElement\":[{\"@type\":\"ListItem\",\"position\":1,\"name\":\"Home\",\"item\":\"https:\/\/automatisme-ci.com\/\"},{\"@type\":\"ListItem\",\"position\":2,\"name\":\"Boutique\",\"item\":\"https:\/\/automatisme-ci.com\/shop\/\"},{\"@type\":\"ListItem\",\"position\":3,\"name\":\"Round Linear bearing\"}]},{\"@type\":\"WebSite\",\"@id\":\"https:\/\/automatisme-ci.com\/#website\",\"url\":\"https:\/\/automatisme-ci.com\/\",\"name\":\"Automatisme | Pi\u00e8ces d\u00e9tach\u00e9es pour machines industrielles.\",\"description\":\"votre destination unique pour les pi\u00e8ces de rechange de machines industrielles. Forts de plus de 10 ans d&#039;exp\u00e9rience dans l&#039;industrie, nous sommes votre partenaire de confiance pour la maintenance et l&#039;optimisation de vos machines. Notre engagement envers la qualit\u00e9, la pr\u00e9cision et la satisfaction client nous distingue dans l&#039;industrie des pi\u00e8ces de rechange.\",\"publisher\":{\"@id\":\"https:\/\/automatisme-ci.com\/#organization\"},\"potentialAction\":[{\"@type\":\"SearchAction\",\"target\":{\"@type\":\"EntryPoint\",\"urlTemplate\":\"https:\/\/automatisme-ci.com\/?s={search_term_string}\"},\"query-input\":{\"@type\":\"PropertyValueSpecification\",\"valueRequired\":true,\"valueName\":\"search_term_string\"}}],\"inLanguage\":\"en-US\"},{\"@type\":\"Organization\",\"@id\":\"https:\/\/automatisme-ci.com\/#organization\",\"name\":\"Automatisme | Pi\u00e8ces d\u00e9tach\u00e9es pour machines industrielles.\",\"url\":\"https:\/\/automatisme-ci.com\/\",\"logo\":{\"@type\":\"ImageObject\",\"inLanguage\":\"en-US\",\"@id\":\"https:\/\/automatisme-ci.com\/#\/schema\/logo\/image\/\",\"url\":\"https:\/\/automatisme-ci.com\/wp-content\/uploads\/2023\/10\/logo-v1.webp\",\"contentUrl\":\"https:\/\/automatisme-ci.com\/wp-content\/uploads\/2023\/10\/logo-v1.webp\",\"width\":500,\"height\":161,\"caption\":\"Automatisme | Pi\u00e8ces d\u00e9tach\u00e9es pour machines industrielles.\"},\"image\":{\"@id\":\"https:\/\/automatisme-ci.com\/#\/schema\/logo\/image\/\"},\"sameAs\":[\"https:\/\/www.facebook.com\/profile.php?id=100053614057280&mibextid=ZbWKwL\"]}]}<\/script>\n<!-- \/ Yoast SEO plugin. -->","yoast_head_json":{"title":"Round Linear bearing - Automatisme | Pi\u00e8ces d\u00e9tach\u00e9es pour machines industrielles.","robots":{"index":"index","follow":"follow","max-snippet":"max-snippet:-1","max-image-preview":"max-image-preview:large","max-video-preview":"max-video-preview:-1"},"canonical":"https:\/\/automatisme-ci.com\/en\/shop\/cnc\/linear-bearing\/round-linear-bearing\/","og_locale":"en_US","og_type":"article","og_title":"Round Linear bearing - Automatisme | Pi\u00e8ces d\u00e9tach\u00e9es pour machines industrielles.","og_description":"SBR16\u00a0Linear guide and rails provide a smooth, precise, guiding surface on which the rolling element of a linear bearing rides.","og_url":"https:\/\/automatisme-ci.com\/en\/shop\/cnc\/linear-bearing\/round-linear-bearing\/","og_site_name":"Automatisme | Pi\u00e8ces d\u00e9tach\u00e9es pour machines industrielles.","article_publisher":"https:\/\/www.facebook.com\/profile.php?id=100053614057280&mibextid=ZbWKwL","article_modified_time":"2025-05-09T20:51:53+00:00","og_image":[{"width":454,"height":340,"url":"https:\/\/automatisme-ci.com\/wp-content\/uploads\/2025\/05\/77.jpg","type":"image\/jpeg"}],"twitter_card":"summary_large_image","twitter_misc":{"Est. reading time":"2 minutes"},"schema":{"@context":"https:\/\/schema.org","@graph":[{"@type":"WebPage","@id":"https:\/\/automatisme-ci.com\/shop\/cnc\/linear-bearing\/round-linear-bearing\/","url":"https:\/\/automatisme-ci.com\/shop\/cnc\/linear-bearing\/round-linear-bearing\/","name":"Round Linear bearing - Automatisme | Pi\u00e8ces d\u00e9tach\u00e9es pour machines industrielles.","isPartOf":{"@id":"https:\/\/automatisme-ci.com\/#website"},"primaryImageOfPage":{"@id":"https:\/\/automatisme-ci.com\/shop\/cnc\/linear-bearing\/round-linear-bearing\/#primaryimage"},"image":{"@id":"https:\/\/automatisme-ci.com\/shop\/cnc\/linear-bearing\/round-linear-bearing\/#primaryimage"},"thumbnailUrl":"https:\/\/automatisme-ci.com\/wp-content\/uploads\/2025\/05\/77.jpg","datePublished":"2025-05-09T20:51:52+00:00","dateModified":"2025-05-09T20:51:53+00:00","breadcrumb":{"@id":"https:\/\/automatisme-ci.com\/shop\/cnc\/linear-bearing\/round-linear-bearing\/#breadcrumb"},"inLanguage":"en-US","potentialAction":[{"@type":"ReadAction","target":["https:\/\/automatisme-ci.com\/shop\/cnc\/linear-bearing\/round-linear-bearing\/"]}]},{"@type":"ImageObject","inLanguage":"en-US","@id":"https:\/\/automatisme-ci.com\/shop\/cnc\/linear-bearing\/round-linear-bearing\/#primaryimage","url":"https:\/\/automatisme-ci.com\/wp-content\/uploads\/2025\/05\/77.jpg","contentUrl":"https:\/\/automatisme-ci.com\/wp-content\/uploads\/2025\/05\/77.jpg","width":454,"height":340},{"@type":"BreadcrumbList","@id":"https:\/\/automatisme-ci.com\/shop\/cnc\/linear-bearing\/round-linear-bearing\/#breadcrumb","itemListElement":[{"@type":"ListItem","position":1,"name":"Home","item":"https:\/\/automatisme-ci.com\/"},{"@type":"ListItem","position":2,"name":"Boutique","item":"https:\/\/automatisme-ci.com\/shop\/"},{"@type":"ListItem","position":3,"name":"Round Linear bearing"}]},{"@type":"WebSite","@id":"https:\/\/automatisme-ci.com\/#website","url":"https:\/\/automatisme-ci.com\/","name":"Automatisme | Pi\u00e8ces d\u00e9tach\u00e9es pour machines industrielles.","description":"votre destination unique pour les pi\u00e8ces de rechange de machines industrielles. Forts de plus de 10 ans d&#039;exp\u00e9rience dans l&#039;industrie, nous sommes votre partenaire de confiance pour la maintenance et l&#039;optimisation de vos machines. Notre engagement envers la qualit\u00e9, la pr\u00e9cision et la satisfaction client nous distingue dans l&#039;industrie des pi\u00e8ces de rechange.","publisher":{"@id":"https:\/\/automatisme-ci.com\/#organization"},"potentialAction":[{"@type":"SearchAction","target":{"@type":"EntryPoint","urlTemplate":"https:\/\/automatisme-ci.com\/?s={search_term_string}"},"query-input":{"@type":"PropertyValueSpecification","valueRequired":true,"valueName":"search_term_string"}}],"inLanguage":"en-US"},{"@type":"Organization","@id":"https:\/\/automatisme-ci.com\/#organization","name":"Automatisme | Pi\u00e8ces d\u00e9tach\u00e9es pour machines industrielles.","url":"https:\/\/automatisme-ci.com\/","logo":{"@type":"ImageObject","inLanguage":"en-US","@id":"https:\/\/automatisme-ci.com\/#\/schema\/logo\/image\/","url":"https:\/\/automatisme-ci.com\/wp-content\/uploads\/2023\/10\/logo-v1.webp","contentUrl":"https:\/\/automatisme-ci.com\/wp-content\/uploads\/2023\/10\/logo-v1.webp","width":500,"height":161,"caption":"Automatisme | Pi\u00e8ces d\u00e9tach\u00e9es pour machines industrielles."},"image":{"@id":"https:\/\/automatisme-ci.com\/#\/schema\/logo\/image\/"},"sameAs":["https:\/\/www.facebook.com\/profile.php?id=100053614057280&mibextid=ZbWKwL"]}]}},"jetpack_sharing_enabled":true,"_links":{"self":[{"href":"https:\/\/automatisme-ci.com\/en\/wp-json\/wp\/v2\/product\/10232","targetHints":{"allow":["GET"]}}],"collection":[{"href":"https:\/\/automatisme-ci.com\/en\/wp-json\/wp\/v2\/product"}],"about":[{"href":"https:\/\/automatisme-ci.com\/en\/wp-json\/wp\/v2\/types\/product"}],"version-history":[{"count":1,"href":"https:\/\/automatisme-ci.com\/en\/wp-json\/wp\/v2\/product\/10232\/revisions"}],"predecessor-version":[{"id":10249,"href":"https:\/\/automatisme-ci.com\/en\/wp-json\/wp\/v2\/product\/10232\/revisions\/10249"}],"wp:featuredmedia":[{"embeddable":true,"href":"https:\/\/automatisme-ci.com\/en\/wp-json\/wp\/v2\/media\/10234"}],"wp:attachment":[{"href":"https:\/\/automatisme-ci.com\/en\/wp-json\/wp\/v2\/media?parent=10232"}],"wp:term":[{"taxonomy":"product_brand","embeddable":true,"href":"https:\/\/automatisme-ci.com\/en\/wp-json\/wp\/v2\/product_brand?post=10232"},{"taxonomy":"product_cat","embeddable":true,"href":"https:\/\/automatisme-ci.com\/en\/wp-json\/wp\/v2\/product_cat?post=10232"},{"taxonomy":"product_tag","embeddable":true,"href":"https:\/\/automatisme-ci.com\/en\/wp-json\/wp\/v2\/product_tag?post=10232"}],"curies":[{"name":"wp","href":"https:\/\/api.w.org\/{rel}","templated":true}]}}