{"id":10224,"date":"2025-05-07T23:23:19","date_gmt":"2025-05-07T22:23:19","guid":{"rendered":"https:\/\/automatisme-ci.com\/?post_type=product&#038;p=10224"},"modified":"2025-05-07T23:23:19","modified_gmt":"2025-05-07T22:23:19","slug":"end-mill-ball-nose","status":"publish","type":"product","link":"https:\/\/automatisme-ci.com\/en\/shop\/cnc\/end-mill\/ball-nose\/end-mill-ball-nose\/","title":{"rendered":"end mill ball nose"},"content":{"rendered":"<div>Specification:<\/div>\n<div>2 Flute Spiral Ball Nose End Mill CNC Router Bits For Wood Tungsten Carbide Milling Cutter router CNC Cutting Tools<\/div>\n<div>Feature:<\/div>\n<div>Model Number:4*22mm<\/div>\n<div>Overall Length:38mm<\/div>\n<div>Type: 2 Flute Ballnose EndMills\/2 Flute Ballnose Cutter<\/div>\n<div>Shank Diameter: 4 mm<\/div>\n<div>Flute length:22mm<\/div>\n<div>.<\/div>\n<div>Sp\u00e9cification :<br \/>\nFraise \u00e0 bille h\u00e9lico\u00efdale \u00e0 2 cannelures pour fraise \u00e0 bois en carbure de tungst\u00e8ne Outils de coupe CNC<br \/>\nCaract\u00e9ristiques :<br \/>\nNum\u00e9ro de mod\u00e8le:4*22mm<br \/>\nLongueur totale:38mm<br \/>\nType : Fraise \u00e0 bille \u00e0 2 goujures \/ Fraise \u00e0 bille \u00e0 2 goujures<br \/>\nDiam\u00e8tre de la tige : 4 mm<br \/>\nLongueur de la goujure : 22 mm<\/div>","protected":false},"excerpt":{"rendered":"<p>Specification:2 Flute Spiral Ball Nose End Mill CNC Router Bits For Wood Tungsten Carbide Milling Cutter router CNC Cutting ToolsFeature:Model Number:4*22mmOverall Length:38mmType: 2 Flute Ballnose EndMills\/2 Flute Ballnose CutterShank Diameter: 4 mmFlute length:22mm..<\/p>\n<p>.<\/p>\n<p>Specification:2 Flute Spiral Ball Nose Router CNC Bits For Wood Tungsten Carbide Milling Cutter CNC Cutting ToolsFeature:Model Number:4*22mmOverall Length:38mmType : 2 Flute Ballnose EndMills\/2 Flute Ballnose CutterDiam\u00e8tre de la queue : 4 mmLongueur de la cannelure:22mm&#8230;.<\/p>","protected":false},"featured_media":10230,"template":"","meta":[],"product_brand":[],"product_cat":[140,154],"product_tag":[204],"class_list":{"0":"post-10224","1":"product","2":"type-product","3":"status-publish","4":"has-post-thumbnail","6":"product_cat-end-mill","7":"product_cat-ball-nose","8":"product_tag-end-mill-ball-nose","10":"first","11":"outofstock","12":"shipping-taxable","13":"product-type-variable"},"yoast_head":"<!-- This site is optimized with the Yoast SEO plugin v24.9 - https:\/\/yoast.com\/wordpress\/plugins\/seo\/ -->\n<title>end mill ball nose - Automatisme | Pi\u00e8ces d\u00e9tach\u00e9es pour machines industrielles.<\/title>\n<meta name=\"robots\" content=\"index, follow, max-snippet:-1, max-image-preview:large, max-video-preview:-1\" \/>\n<link rel=\"canonical\" href=\"https:\/\/automatisme-ci.com\/en\/shop\/cnc\/end-mill\/ball-nose\/end-mill-ball-nose\/\" \/>\n<meta property=\"og:locale\" content=\"en_US\" \/>\n<meta property=\"og:type\" content=\"article\" \/>\n<meta property=\"og:title\" content=\"end mill ball nose - Automatisme | Pi\u00e8ces d\u00e9tach\u00e9es pour machines industrielles.\" \/>\n<meta property=\"og:description\" content=\"Specification:2 Flute Spiral Ball Nose End Mill CNC Router Bits For Wood Tungsten Carbide Milling Cutter router CNC Cutting ToolsFeature:Model Number:4*22mmOverall Length:38mmType: 2 Flute Ballnose EndMills\/2 Flute Ballnose CutterShank Diameter: 4 mmFlute length:22mm..  .  Specification:2 Flute Spiral Ball Nose Router CNC Bits For Wood Tungsten Carbide Milling Cutter CNC Cutting ToolsFeature:Model Number:4*22mmOverall Length:38mmType : 2 Flute Ballnose EndMills\/2 Flute Ballnose CutterDiam\u00e8tre de la queue : 4 mmLongueur de la cannelure:22mm....\" \/>\n<meta property=\"og:url\" content=\"https:\/\/automatisme-ci.com\/en\/shop\/cnc\/end-mill\/ball-nose\/end-mill-ball-nose\/\" \/>\n<meta property=\"og:site_name\" content=\"Automatisme | Pi\u00e8ces d\u00e9tach\u00e9es pour machines industrielles.\" \/>\n<meta property=\"article:publisher\" content=\"https:\/\/www.facebook.com\/profile.php?id=100053614057280&amp;mibextid=ZbWKwL\" \/>\n<meta property=\"og:image\" content=\"https:\/\/automatisme-ci.com\/wp-content\/uploads\/2025\/05\/5.jpg\" \/>\n\t<meta property=\"og:image:width\" content=\"482\" \/>\n\t<meta property=\"og:image:height\" content=\"457\" \/>\n\t<meta property=\"og:image:type\" content=\"image\/jpeg\" \/>\n<meta name=\"twitter:card\" content=\"summary_large_image\" \/>\n<meta name=\"twitter:label1\" content=\"Est. reading time\" \/>\n\t<meta name=\"twitter:data1\" content=\"1 minute\" \/>\n<script type=\"application\/ld+json\" class=\"yoast-schema-graph\">{\"@context\":\"https:\/\/schema.org\",\"@graph\":[{\"@type\":\"WebPage\",\"@id\":\"https:\/\/automatisme-ci.com\/shop\/cnc\/end-mill\/ball-nose\/end-mill-ball-nose\/\",\"url\":\"https:\/\/automatisme-ci.com\/shop\/cnc\/end-mill\/ball-nose\/end-mill-ball-nose\/\",\"name\":\"end mill ball nose - Automatisme | Pi\u00e8ces d\u00e9tach\u00e9es pour machines industrielles.\",\"isPartOf\":{\"@id\":\"https:\/\/automatisme-ci.com\/#website\"},\"primaryImageOfPage\":{\"@id\":\"https:\/\/automatisme-ci.com\/shop\/cnc\/end-mill\/ball-nose\/end-mill-ball-nose\/#primaryimage\"},\"image\":{\"@id\":\"https:\/\/automatisme-ci.com\/shop\/cnc\/end-mill\/ball-nose\/end-mill-ball-nose\/#primaryimage\"},\"thumbnailUrl\":\"https:\/\/automatisme-ci.com\/wp-content\/uploads\/2025\/05\/5.jpg\",\"datePublished\":\"2025-05-07T22:23:19+00:00\",\"breadcrumb\":{\"@id\":\"https:\/\/automatisme-ci.com\/shop\/cnc\/end-mill\/ball-nose\/end-mill-ball-nose\/#breadcrumb\"},\"inLanguage\":\"en-US\",\"potentialAction\":[{\"@type\":\"ReadAction\",\"target\":[\"https:\/\/automatisme-ci.com\/shop\/cnc\/end-mill\/ball-nose\/end-mill-ball-nose\/\"]}]},{\"@type\":\"ImageObject\",\"inLanguage\":\"en-US\",\"@id\":\"https:\/\/automatisme-ci.com\/shop\/cnc\/end-mill\/ball-nose\/end-mill-ball-nose\/#primaryimage\",\"url\":\"https:\/\/automatisme-ci.com\/wp-content\/uploads\/2025\/05\/5.jpg\",\"contentUrl\":\"https:\/\/automatisme-ci.com\/wp-content\/uploads\/2025\/05\/5.jpg\",\"width\":482,\"height\":457},{\"@type\":\"BreadcrumbList\",\"@id\":\"https:\/\/automatisme-ci.com\/shop\/cnc\/end-mill\/ball-nose\/end-mill-ball-nose\/#breadcrumb\",\"itemListElement\":[{\"@type\":\"ListItem\",\"position\":1,\"name\":\"Home\",\"item\":\"https:\/\/automatisme-ci.com\/\"},{\"@type\":\"ListItem\",\"position\":2,\"name\":\"Boutique\",\"item\":\"https:\/\/automatisme-ci.com\/shop\/\"},{\"@type\":\"ListItem\",\"position\":3,\"name\":\"end mill ball nose\"}]},{\"@type\":\"WebSite\",\"@id\":\"https:\/\/automatisme-ci.com\/#website\",\"url\":\"https:\/\/automatisme-ci.com\/\",\"name\":\"Automatisme | Pi\u00e8ces d\u00e9tach\u00e9es pour machines industrielles.\",\"description\":\"votre destination unique pour les pi\u00e8ces de rechange de machines industrielles. Forts de plus de 10 ans d&#039;exp\u00e9rience dans l&#039;industrie, nous sommes votre partenaire de confiance pour la maintenance et l&#039;optimisation de vos machines. Notre engagement envers la qualit\u00e9, la pr\u00e9cision et la satisfaction client nous distingue dans l&#039;industrie des pi\u00e8ces de rechange.\",\"publisher\":{\"@id\":\"https:\/\/automatisme-ci.com\/#organization\"},\"potentialAction\":[{\"@type\":\"SearchAction\",\"target\":{\"@type\":\"EntryPoint\",\"urlTemplate\":\"https:\/\/automatisme-ci.com\/?s={search_term_string}\"},\"query-input\":{\"@type\":\"PropertyValueSpecification\",\"valueRequired\":true,\"valueName\":\"search_term_string\"}}],\"inLanguage\":\"en-US\"},{\"@type\":\"Organization\",\"@id\":\"https:\/\/automatisme-ci.com\/#organization\",\"name\":\"Automatisme | Pi\u00e8ces d\u00e9tach\u00e9es pour machines industrielles.\",\"url\":\"https:\/\/automatisme-ci.com\/\",\"logo\":{\"@type\":\"ImageObject\",\"inLanguage\":\"en-US\",\"@id\":\"https:\/\/automatisme-ci.com\/#\/schema\/logo\/image\/\",\"url\":\"https:\/\/automatisme-ci.com\/wp-content\/uploads\/2023\/10\/logo-v1.webp\",\"contentUrl\":\"https:\/\/automatisme-ci.com\/wp-content\/uploads\/2023\/10\/logo-v1.webp\",\"width\":500,\"height\":161,\"caption\":\"Automatisme | Pi\u00e8ces d\u00e9tach\u00e9es pour machines industrielles.\"},\"image\":{\"@id\":\"https:\/\/automatisme-ci.com\/#\/schema\/logo\/image\/\"},\"sameAs\":[\"https:\/\/www.facebook.com\/profile.php?id=100053614057280&mibextid=ZbWKwL\"]}]}<\/script>\n<!-- \/ Yoast SEO plugin. -->","yoast_head_json":{"title":"end mill ball nose - Automatisme | Pi\u00e8ces d\u00e9tach\u00e9es pour machines industrielles.","robots":{"index":"index","follow":"follow","max-snippet":"max-snippet:-1","max-image-preview":"max-image-preview:large","max-video-preview":"max-video-preview:-1"},"canonical":"https:\/\/automatisme-ci.com\/en\/shop\/cnc\/end-mill\/ball-nose\/end-mill-ball-nose\/","og_locale":"en_US","og_type":"article","og_title":"end mill ball nose - Automatisme | Pi\u00e8ces d\u00e9tach\u00e9es pour machines industrielles.","og_description":"Specification:2 Flute Spiral Ball Nose End Mill CNC Router Bits For Wood Tungsten Carbide Milling Cutter router CNC Cutting ToolsFeature:Model Number:4*22mmOverall Length:38mmType: 2 Flute Ballnose EndMills\/2 Flute Ballnose CutterShank Diameter: 4 mmFlute length:22mm..  .  Specification:2 Flute Spiral Ball Nose Router CNC Bits For Wood Tungsten Carbide Milling Cutter CNC Cutting ToolsFeature:Model Number:4*22mmOverall Length:38mmType : 2 Flute Ballnose EndMills\/2 Flute Ballnose CutterDiam\u00e8tre de la queue : 4 mmLongueur de la cannelure:22mm....","og_url":"https:\/\/automatisme-ci.com\/en\/shop\/cnc\/end-mill\/ball-nose\/end-mill-ball-nose\/","og_site_name":"Automatisme | Pi\u00e8ces d\u00e9tach\u00e9es pour machines industrielles.","article_publisher":"https:\/\/www.facebook.com\/profile.php?id=100053614057280&mibextid=ZbWKwL","og_image":[{"width":482,"height":457,"url":"https:\/\/automatisme-ci.com\/wp-content\/uploads\/2025\/05\/5.jpg","type":"image\/jpeg"}],"twitter_card":"summary_large_image","twitter_misc":{"Est. reading time":"1 minute"},"schema":{"@context":"https:\/\/schema.org","@graph":[{"@type":"WebPage","@id":"https:\/\/automatisme-ci.com\/shop\/cnc\/end-mill\/ball-nose\/end-mill-ball-nose\/","url":"https:\/\/automatisme-ci.com\/shop\/cnc\/end-mill\/ball-nose\/end-mill-ball-nose\/","name":"end mill ball nose - Automatisme | Pi\u00e8ces d\u00e9tach\u00e9es pour machines industrielles.","isPartOf":{"@id":"https:\/\/automatisme-ci.com\/#website"},"primaryImageOfPage":{"@id":"https:\/\/automatisme-ci.com\/shop\/cnc\/end-mill\/ball-nose\/end-mill-ball-nose\/#primaryimage"},"image":{"@id":"https:\/\/automatisme-ci.com\/shop\/cnc\/end-mill\/ball-nose\/end-mill-ball-nose\/#primaryimage"},"thumbnailUrl":"https:\/\/automatisme-ci.com\/wp-content\/uploads\/2025\/05\/5.jpg","datePublished":"2025-05-07T22:23:19+00:00","breadcrumb":{"@id":"https:\/\/automatisme-ci.com\/shop\/cnc\/end-mill\/ball-nose\/end-mill-ball-nose\/#breadcrumb"},"inLanguage":"en-US","potentialAction":[{"@type":"ReadAction","target":["https:\/\/automatisme-ci.com\/shop\/cnc\/end-mill\/ball-nose\/end-mill-ball-nose\/"]}]},{"@type":"ImageObject","inLanguage":"en-US","@id":"https:\/\/automatisme-ci.com\/shop\/cnc\/end-mill\/ball-nose\/end-mill-ball-nose\/#primaryimage","url":"https:\/\/automatisme-ci.com\/wp-content\/uploads\/2025\/05\/5.jpg","contentUrl":"https:\/\/automatisme-ci.com\/wp-content\/uploads\/2025\/05\/5.jpg","width":482,"height":457},{"@type":"BreadcrumbList","@id":"https:\/\/automatisme-ci.com\/shop\/cnc\/end-mill\/ball-nose\/end-mill-ball-nose\/#breadcrumb","itemListElement":[{"@type":"ListItem","position":1,"name":"Home","item":"https:\/\/automatisme-ci.com\/"},{"@type":"ListItem","position":2,"name":"Boutique","item":"https:\/\/automatisme-ci.com\/shop\/"},{"@type":"ListItem","position":3,"name":"end mill ball nose"}]},{"@type":"WebSite","@id":"https:\/\/automatisme-ci.com\/#website","url":"https:\/\/automatisme-ci.com\/","name":"Automatisme | Pi\u00e8ces d\u00e9tach\u00e9es pour machines industrielles.","description":"votre destination unique pour les pi\u00e8ces de rechange de machines industrielles. Forts de plus de 10 ans d&#039;exp\u00e9rience dans l&#039;industrie, nous sommes votre partenaire de confiance pour la maintenance et l&#039;optimisation de vos machines. Notre engagement envers la qualit\u00e9, la pr\u00e9cision et la satisfaction client nous distingue dans l&#039;industrie des pi\u00e8ces de rechange.","publisher":{"@id":"https:\/\/automatisme-ci.com\/#organization"},"potentialAction":[{"@type":"SearchAction","target":{"@type":"EntryPoint","urlTemplate":"https:\/\/automatisme-ci.com\/?s={search_term_string}"},"query-input":{"@type":"PropertyValueSpecification","valueRequired":true,"valueName":"search_term_string"}}],"inLanguage":"en-US"},{"@type":"Organization","@id":"https:\/\/automatisme-ci.com\/#organization","name":"Automatisme | Pi\u00e8ces d\u00e9tach\u00e9es pour machines industrielles.","url":"https:\/\/automatisme-ci.com\/","logo":{"@type":"ImageObject","inLanguage":"en-US","@id":"https:\/\/automatisme-ci.com\/#\/schema\/logo\/image\/","url":"https:\/\/automatisme-ci.com\/wp-content\/uploads\/2023\/10\/logo-v1.webp","contentUrl":"https:\/\/automatisme-ci.com\/wp-content\/uploads\/2023\/10\/logo-v1.webp","width":500,"height":161,"caption":"Automatisme | Pi\u00e8ces d\u00e9tach\u00e9es pour machines industrielles."},"image":{"@id":"https:\/\/automatisme-ci.com\/#\/schema\/logo\/image\/"},"sameAs":["https:\/\/www.facebook.com\/profile.php?id=100053614057280&mibextid=ZbWKwL"]}]}},"jetpack_sharing_enabled":true,"_links":{"self":[{"href":"https:\/\/automatisme-ci.com\/en\/wp-json\/wp\/v2\/product\/10224","targetHints":{"allow":["GET"]}}],"collection":[{"href":"https:\/\/automatisme-ci.com\/en\/wp-json\/wp\/v2\/product"}],"about":[{"href":"https:\/\/automatisme-ci.com\/en\/wp-json\/wp\/v2\/types\/product"}],"version-history":[{"count":1,"href":"https:\/\/automatisme-ci.com\/en\/wp-json\/wp\/v2\/product\/10224\/revisions"}],"predecessor-version":[{"id":10231,"href":"https:\/\/automatisme-ci.com\/en\/wp-json\/wp\/v2\/product\/10224\/revisions\/10231"}],"wp:featuredmedia":[{"embeddable":true,"href":"https:\/\/automatisme-ci.com\/en\/wp-json\/wp\/v2\/media\/10230"}],"wp:attachment":[{"href":"https:\/\/automatisme-ci.com\/en\/wp-json\/wp\/v2\/media?parent=10224"}],"wp:term":[{"taxonomy":"product_brand","embeddable":true,"href":"https:\/\/automatisme-ci.com\/en\/wp-json\/wp\/v2\/product_brand?post=10224"},{"taxonomy":"product_cat","embeddable":true,"href":"https:\/\/automatisme-ci.com\/en\/wp-json\/wp\/v2\/product_cat?post=10224"},{"taxonomy":"product_tag","embeddable":true,"href":"https:\/\/automatisme-ci.com\/en\/wp-json\/wp\/v2\/product_tag?post=10224"}],"curies":[{"name":"wp","href":"https:\/\/api.w.org\/{rel}","templated":true}]}}