{"id":10195,"date":"2025-05-09T23:10:30","date_gmt":"2025-05-09T22:10:30","guid":{"rendered":"https:\/\/automatisme-ci.com\/?post_type=product&#038;p=10195"},"modified":"2025-05-09T23:10:30","modified_gmt":"2025-05-09T22:10:30","slug":"mach-3","status":"publish","type":"product","link":"https:\/\/automatisme-ci.com\/en\/shop\/cnc\/control-unit\/mach-3\/","title":{"rendered":"Mach 3"},"content":{"rendered":"<p>Description<br \/>\nProduct details:<\/p>\n<p>Control card * 1<\/p>\n<p>Terminal block * 1<\/p>\n<p>Signal line 3M * 1<\/p>\n<p>Introduction:<\/p>\n<p>This product is Weihong CNC card interface board, which is mainly used for the linear adapter board between the engraving machine and the Weihong card, connecting the Weihong card, computer, engraving machine and embedded interface card. It is widely used in advertising CNC engraving machines. The data cable of the engraving and milling machine is connected to the main accessories of the control chassis.<\/p>\n<p>Peculiarities:<\/p>\n<p>Connection of three axes of motion<\/p>\n<p>CNC Player Support<\/p>\n<p>Automatic processing fully supports ISO G commands, HP plotter format (HP PLT) and engraving processing format (ENG).<\/p>\n<p>Manual functions and support for machine control through machine input devices such as handheld devices, and built-in support for manual operations through computer input devices such as keyboard and mouse.<\/p>\n<p>.<\/p>\n<p>Description du produit<br \/>\nD\u00e9tails du produit :<\/p>\n<p>Carte de contr\u00f4le * 1<\/p>\n<p>Bornier * 1<\/p>\n<p>Ligne de signal 3M * 1<\/p>\n<p>Introduction :<\/p>\n<p>Ce produit est la carte d&rsquo;interface de carte CNC Weihong, qui est principalement utilis\u00e9e pour la carte d&rsquo;adaptateur lin\u00e9aire entre la machine \u00e0 graver et la carte Weihong, reliant la carte Weihong, l&rsquo;ordinateur, la machine \u00e0 graver et la carte d&rsquo;interface int\u00e9gr\u00e9e. Elle est largement utilis\u00e9e dans les machines \u00e0 graver CNC publicitaires. Le c\u00e2ble de donn\u00e9es de la machine \u00e0 graver et \u00e0 fraiser est connect\u00e9 aux accessoires principaux du ch\u00e2ssis de commande.<\/p>\n<p>Particularit\u00e9s :<\/p>\n<p>Connexion de trois axes de mouvement<\/p>\n<p>Prise en charge des lecteurs CNC<\/p>\n<p>Le traitement automatique prend enti\u00e8rement en charge les commandes ISO G, le format de tra\u00e7age HP (HP PLT) et le format de traitement de la gravure (ENG).<\/p>\n<p>Fonctions manuelles et prise en charge de la commande de la machine par l&rsquo;interm\u00e9diaire de dispositifs d&rsquo;entr\u00e9e tels que les dispositifs portables, et prise en charge int\u00e9gr\u00e9e des op\u00e9rations manuelles par l&rsquo;interm\u00e9diaire de dispositifs d&rsquo;entr\u00e9e informatiques tels que le clavier et la souris.<\/p>\n<p>Traduit avec DeepL.com (version gratuite)<\/p>","protected":false},"excerpt":{"rendered":"<p>Description Product details: Control card * 1 Terminal block * 1 Signal line 3M * 1 Introduction: This product is<\/p>","protected":false},"featured_media":10281,"template":"","meta":[],"product_brand":[],"product_cat":[127],"product_tag":[180,219],"class_list":{"0":"post-10195","1":"product","2":"type-product","3":"status-publish","4":"has-post-thumbnail","6":"product_cat-control-unit","7":"product_tag-control-unit","8":"product_tag-mach-3","10":"first","11":"instock","12":"shipping-taxable","13":"product-type-simple"},"yoast_head":"<!-- This site is optimized with the Yoast SEO plugin v24.9 - https:\/\/yoast.com\/wordpress\/plugins\/seo\/ -->\n<title>Mach 3 - Automatisme | Pi\u00e8ces d\u00e9tach\u00e9es pour machines industrielles.<\/title>\n<meta name=\"robots\" content=\"index, follow, max-snippet:-1, max-image-preview:large, max-video-preview:-1\" \/>\n<link rel=\"canonical\" href=\"https:\/\/automatisme-ci.com\/en\/shop\/cnc\/control-unit\/mach-3\/\" \/>\n<meta property=\"og:locale\" content=\"en_US\" \/>\n<meta property=\"og:type\" content=\"article\" \/>\n<meta property=\"og:title\" content=\"Mach 3 - Automatisme | Pi\u00e8ces d\u00e9tach\u00e9es pour machines industrielles.\" \/>\n<meta property=\"og:description\" content=\"Description Product details: Control card * 1 Terminal block * 1 Signal line 3M * 1 Introduction: This product is\" \/>\n<meta property=\"og:url\" content=\"https:\/\/automatisme-ci.com\/en\/shop\/cnc\/control-unit\/mach-3\/\" \/>\n<meta property=\"og:site_name\" content=\"Automatisme | Pi\u00e8ces d\u00e9tach\u00e9es pour machines industrielles.\" \/>\n<meta property=\"article:publisher\" content=\"https:\/\/www.facebook.com\/profile.php?id=100053614057280&amp;mibextid=ZbWKwL\" \/>\n<meta name=\"twitter:card\" content=\"summary_large_image\" \/>\n<meta name=\"twitter:label1\" content=\"Est. reading time\" \/>\n\t<meta name=\"twitter:data1\" content=\"2 minutes\" \/>\n<script type=\"application\/ld+json\" class=\"yoast-schema-graph\">{\"@context\":\"https:\/\/schema.org\",\"@graph\":[{\"@type\":\"WebPage\",\"@id\":\"https:\/\/automatisme-ci.com\/shop\/cnc\/control-unit\/mach-3\/\",\"url\":\"https:\/\/automatisme-ci.com\/shop\/cnc\/control-unit\/mach-3\/\",\"name\":\"Mach 3 - Automatisme | Pi\u00e8ces d\u00e9tach\u00e9es pour machines industrielles.\",\"isPartOf\":{\"@id\":\"https:\/\/automatisme-ci.com\/#website\"},\"primaryImageOfPage\":{\"@id\":\"https:\/\/automatisme-ci.com\/shop\/cnc\/control-unit\/mach-3\/#primaryimage\"},\"image\":{\"@id\":\"https:\/\/automatisme-ci.com\/shop\/cnc\/control-unit\/mach-3\/#primaryimage\"},\"thumbnailUrl\":\"https:\/\/automatisme-ci.com\/wp-content\/uploads\/2025\/05\/3.avif\",\"datePublished\":\"2025-05-09T22:10:30+00:00\",\"breadcrumb\":{\"@id\":\"https:\/\/automatisme-ci.com\/shop\/cnc\/control-unit\/mach-3\/#breadcrumb\"},\"inLanguage\":\"en-US\",\"potentialAction\":[{\"@type\":\"ReadAction\",\"target\":[\"https:\/\/automatisme-ci.com\/shop\/cnc\/control-unit\/mach-3\/\"]}]},{\"@type\":\"ImageObject\",\"inLanguage\":\"en-US\",\"@id\":\"https:\/\/automatisme-ci.com\/shop\/cnc\/control-unit\/mach-3\/#primaryimage\",\"url\":\"https:\/\/automatisme-ci.com\/wp-content\/uploads\/2025\/05\/3.avif\",\"contentUrl\":\"https:\/\/automatisme-ci.com\/wp-content\/uploads\/2025\/05\/3.avif\",\"width\":1000,\"height\":1000},{\"@type\":\"BreadcrumbList\",\"@id\":\"https:\/\/automatisme-ci.com\/shop\/cnc\/control-unit\/mach-3\/#breadcrumb\",\"itemListElement\":[{\"@type\":\"ListItem\",\"position\":1,\"name\":\"Home\",\"item\":\"https:\/\/automatisme-ci.com\/\"},{\"@type\":\"ListItem\",\"position\":2,\"name\":\"Boutique\",\"item\":\"https:\/\/automatisme-ci.com\/shop\/\"},{\"@type\":\"ListItem\",\"position\":3,\"name\":\"Mach 3\"}]},{\"@type\":\"WebSite\",\"@id\":\"https:\/\/automatisme-ci.com\/#website\",\"url\":\"https:\/\/automatisme-ci.com\/\",\"name\":\"Automatisme | Pi\u00e8ces d\u00e9tach\u00e9es pour machines industrielles.\",\"description\":\"votre destination unique pour les pi\u00e8ces de rechange de machines industrielles. Forts de plus de 10 ans d&#039;exp\u00e9rience dans l&#039;industrie, nous sommes votre partenaire de confiance pour la maintenance et l&#039;optimisation de vos machines. Notre engagement envers la qualit\u00e9, la pr\u00e9cision et la satisfaction client nous distingue dans l&#039;industrie des pi\u00e8ces de rechange.\",\"publisher\":{\"@id\":\"https:\/\/automatisme-ci.com\/#organization\"},\"potentialAction\":[{\"@type\":\"SearchAction\",\"target\":{\"@type\":\"EntryPoint\",\"urlTemplate\":\"https:\/\/automatisme-ci.com\/?s={search_term_string}\"},\"query-input\":{\"@type\":\"PropertyValueSpecification\",\"valueRequired\":true,\"valueName\":\"search_term_string\"}}],\"inLanguage\":\"en-US\"},{\"@type\":\"Organization\",\"@id\":\"https:\/\/automatisme-ci.com\/#organization\",\"name\":\"Automatisme | Pi\u00e8ces d\u00e9tach\u00e9es pour machines industrielles.\",\"url\":\"https:\/\/automatisme-ci.com\/\",\"logo\":{\"@type\":\"ImageObject\",\"inLanguage\":\"en-US\",\"@id\":\"https:\/\/automatisme-ci.com\/#\/schema\/logo\/image\/\",\"url\":\"https:\/\/automatisme-ci.com\/wp-content\/uploads\/2023\/10\/logo-v1.webp\",\"contentUrl\":\"https:\/\/automatisme-ci.com\/wp-content\/uploads\/2023\/10\/logo-v1.webp\",\"width\":500,\"height\":161,\"caption\":\"Automatisme | Pi\u00e8ces d\u00e9tach\u00e9es pour machines industrielles.\"},\"image\":{\"@id\":\"https:\/\/automatisme-ci.com\/#\/schema\/logo\/image\/\"},\"sameAs\":[\"https:\/\/www.facebook.com\/profile.php?id=100053614057280&mibextid=ZbWKwL\"]}]}<\/script>\n<!-- \/ Yoast SEO plugin. -->","yoast_head_json":{"title":"Mach 3 - Automatisme | Pi\u00e8ces d\u00e9tach\u00e9es pour machines industrielles.","robots":{"index":"index","follow":"follow","max-snippet":"max-snippet:-1","max-image-preview":"max-image-preview:large","max-video-preview":"max-video-preview:-1"},"canonical":"https:\/\/automatisme-ci.com\/en\/shop\/cnc\/control-unit\/mach-3\/","og_locale":"en_US","og_type":"article","og_title":"Mach 3 - Automatisme | Pi\u00e8ces d\u00e9tach\u00e9es pour machines industrielles.","og_description":"Description Product details: Control card * 1 Terminal block * 1 Signal line 3M * 1 Introduction: This product is","og_url":"https:\/\/automatisme-ci.com\/en\/shop\/cnc\/control-unit\/mach-3\/","og_site_name":"Automatisme | Pi\u00e8ces d\u00e9tach\u00e9es pour machines industrielles.","article_publisher":"https:\/\/www.facebook.com\/profile.php?id=100053614057280&mibextid=ZbWKwL","twitter_card":"summary_large_image","twitter_misc":{"Est. reading time":"2 minutes"},"schema":{"@context":"https:\/\/schema.org","@graph":[{"@type":"WebPage","@id":"https:\/\/automatisme-ci.com\/shop\/cnc\/control-unit\/mach-3\/","url":"https:\/\/automatisme-ci.com\/shop\/cnc\/control-unit\/mach-3\/","name":"Mach 3 - Automatisme | Pi\u00e8ces d\u00e9tach\u00e9es pour machines industrielles.","isPartOf":{"@id":"https:\/\/automatisme-ci.com\/#website"},"primaryImageOfPage":{"@id":"https:\/\/automatisme-ci.com\/shop\/cnc\/control-unit\/mach-3\/#primaryimage"},"image":{"@id":"https:\/\/automatisme-ci.com\/shop\/cnc\/control-unit\/mach-3\/#primaryimage"},"thumbnailUrl":"https:\/\/automatisme-ci.com\/wp-content\/uploads\/2025\/05\/3.avif","datePublished":"2025-05-09T22:10:30+00:00","breadcrumb":{"@id":"https:\/\/automatisme-ci.com\/shop\/cnc\/control-unit\/mach-3\/#breadcrumb"},"inLanguage":"en-US","potentialAction":[{"@type":"ReadAction","target":["https:\/\/automatisme-ci.com\/shop\/cnc\/control-unit\/mach-3\/"]}]},{"@type":"ImageObject","inLanguage":"en-US","@id":"https:\/\/automatisme-ci.com\/shop\/cnc\/control-unit\/mach-3\/#primaryimage","url":"https:\/\/automatisme-ci.com\/wp-content\/uploads\/2025\/05\/3.avif","contentUrl":"https:\/\/automatisme-ci.com\/wp-content\/uploads\/2025\/05\/3.avif","width":1000,"height":1000},{"@type":"BreadcrumbList","@id":"https:\/\/automatisme-ci.com\/shop\/cnc\/control-unit\/mach-3\/#breadcrumb","itemListElement":[{"@type":"ListItem","position":1,"name":"Home","item":"https:\/\/automatisme-ci.com\/"},{"@type":"ListItem","position":2,"name":"Boutique","item":"https:\/\/automatisme-ci.com\/shop\/"},{"@type":"ListItem","position":3,"name":"Mach 3"}]},{"@type":"WebSite","@id":"https:\/\/automatisme-ci.com\/#website","url":"https:\/\/automatisme-ci.com\/","name":"Automatisme | Pi\u00e8ces d\u00e9tach\u00e9es pour machines industrielles.","description":"votre destination unique pour les pi\u00e8ces de rechange de machines industrielles. Forts de plus de 10 ans d&#039;exp\u00e9rience dans l&#039;industrie, nous sommes votre partenaire de confiance pour la maintenance et l&#039;optimisation de vos machines. Notre engagement envers la qualit\u00e9, la pr\u00e9cision et la satisfaction client nous distingue dans l&#039;industrie des pi\u00e8ces de rechange.","publisher":{"@id":"https:\/\/automatisme-ci.com\/#organization"},"potentialAction":[{"@type":"SearchAction","target":{"@type":"EntryPoint","urlTemplate":"https:\/\/automatisme-ci.com\/?s={search_term_string}"},"query-input":{"@type":"PropertyValueSpecification","valueRequired":true,"valueName":"search_term_string"}}],"inLanguage":"en-US"},{"@type":"Organization","@id":"https:\/\/automatisme-ci.com\/#organization","name":"Automatisme | Pi\u00e8ces d\u00e9tach\u00e9es pour machines industrielles.","url":"https:\/\/automatisme-ci.com\/","logo":{"@type":"ImageObject","inLanguage":"en-US","@id":"https:\/\/automatisme-ci.com\/#\/schema\/logo\/image\/","url":"https:\/\/automatisme-ci.com\/wp-content\/uploads\/2023\/10\/logo-v1.webp","contentUrl":"https:\/\/automatisme-ci.com\/wp-content\/uploads\/2023\/10\/logo-v1.webp","width":500,"height":161,"caption":"Automatisme | Pi\u00e8ces d\u00e9tach\u00e9es pour machines industrielles."},"image":{"@id":"https:\/\/automatisme-ci.com\/#\/schema\/logo\/image\/"},"sameAs":["https:\/\/www.facebook.com\/profile.php?id=100053614057280&mibextid=ZbWKwL"]}]}},"jetpack_sharing_enabled":true,"_links":{"self":[{"href":"https:\/\/automatisme-ci.com\/en\/wp-json\/wp\/v2\/product\/10195","targetHints":{"allow":["GET"]}}],"collection":[{"href":"https:\/\/automatisme-ci.com\/en\/wp-json\/wp\/v2\/product"}],"about":[{"href":"https:\/\/automatisme-ci.com\/en\/wp-json\/wp\/v2\/types\/product"}],"version-history":[{"count":2,"href":"https:\/\/automatisme-ci.com\/en\/wp-json\/wp\/v2\/product\/10195\/revisions"}],"predecessor-version":[{"id":10286,"href":"https:\/\/automatisme-ci.com\/en\/wp-json\/wp\/v2\/product\/10195\/revisions\/10286"}],"wp:featuredmedia":[{"embeddable":true,"href":"https:\/\/automatisme-ci.com\/en\/wp-json\/wp\/v2\/media\/10281"}],"wp:attachment":[{"href":"https:\/\/automatisme-ci.com\/en\/wp-json\/wp\/v2\/media?parent=10195"}],"wp:term":[{"taxonomy":"product_brand","embeddable":true,"href":"https:\/\/automatisme-ci.com\/en\/wp-json\/wp\/v2\/product_brand?post=10195"},{"taxonomy":"product_cat","embeddable":true,"href":"https:\/\/automatisme-ci.com\/en\/wp-json\/wp\/v2\/product_cat?post=10195"},{"taxonomy":"product_tag","embeddable":true,"href":"https:\/\/automatisme-ci.com\/en\/wp-json\/wp\/v2\/product_tag?post=10195"}],"curies":[{"name":"wp","href":"https:\/\/api.w.org\/{rel}","templated":true}]}}