{"id":10114,"date":"2023-11-02T04:36:16","date_gmt":"2023-11-02T03:36:16","guid":{"rendered":"https:\/\/automatisme-ci.com\/?post_type=product&#038;p=10114"},"modified":"2023-11-02T04:36:16","modified_gmt":"2023-11-02T03:36:16","slug":"relais-statique-40a","status":"publish","type":"product","link":"https:\/\/automatisme-ci.com\/en\/shop\/automation\/relais-statique-40a\/","title":{"rendered":"Relais statique 40A"},"content":{"rendered":"<p>Un relais statique (SSR) vous permet de contr\u00f4ler des charges CA \u00e0 courant \u00e9lev\u00e9 \u00e0 partir de circuits de commande CC \u00e0 basse tension. Les relais statiques pr\u00e9sentent plusieurs avantages par rapport aux relais m\u00e9caniques. L&rsquo;un de ces avantages est qu&rsquo;ils peuvent \u00eatre commut\u00e9s par une tension et un courant bien inf\u00e9rieurs \u00e0 ceux de la plupart des relais m\u00e9caniques. De plus, comme il n\u2019y a pas de contacts mobiles, les relais statiques peuvent \u00eatre commut\u00e9s beaucoup plus rapidement et pendant des p\u00e9riodes beaucoup plus longues sans s\u2019user.<\/p>\n<p>Ce relais statique particulier peut commuter des charges de courant allant jusqu&rsquo;\u00e0 40 A avec une entr\u00e9e 3-32 V CC et une m\u00e9thode de contr\u00f4le de d\u00e9clenchement par passage \u00e0 z\u00e9ro. Chacun de ces relais est \u00e9quip\u00e9 de quatre bornes \u00e0 vis (\u00e0 utiliser avec des connecteurs \u00e0 anneau ou \u00e0 fourche) et d&rsquo;un couvercle en plastique qui glisse sur le dessus du relais pour prot\u00e9ger les bornes.<\/p>","protected":false},"excerpt":{"rendered":"<p>entr\u00e9e 3-32V<\/p>\n<p>40A<\/p>","protected":false},"featured_media":10115,"template":"","meta":[],"product_brand":[],"product_cat":[125,126],"product_tag":[],"class_list":{"0":"post-10114","1":"product","2":"type-product","3":"status-publish","4":"has-post-thumbnail","6":"product_cat-automation","7":"product_cat-general-parts","9":"first","10":"instock","11":"shipping-taxable","12":"purchasable","13":"product-type-simple"},"yoast_head":"<!-- This site is optimized with the Yoast SEO plugin v24.9 - https:\/\/yoast.com\/wordpress\/plugins\/seo\/ -->\n<title>Relais statique 40A - Automatisme | Pi\u00e8ces d\u00e9tach\u00e9es pour machines industrielles.<\/title>\n<meta name=\"robots\" content=\"index, follow, max-snippet:-1, max-image-preview:large, max-video-preview:-1\" \/>\n<link rel=\"canonical\" href=\"https:\/\/automatisme-ci.com\/en\/shop\/automation\/relais-statique-40a\/\" \/>\n<meta property=\"og:locale\" content=\"en_US\" \/>\n<meta property=\"og:type\" content=\"article\" \/>\n<meta property=\"og:title\" content=\"Relais statique 40A - Automatisme | Pi\u00e8ces d\u00e9tach\u00e9es pour machines industrielles.\" \/>\n<meta property=\"og:description\" content=\"entr\u00e9e 3-32V  40A\" \/>\n<meta property=\"og:url\" content=\"https:\/\/automatisme-ci.com\/en\/shop\/automation\/relais-statique-40a\/\" \/>\n<meta property=\"og:site_name\" content=\"Automatisme | Pi\u00e8ces d\u00e9tach\u00e9es pour machines industrielles.\" \/>\n<meta property=\"article:publisher\" content=\"https:\/\/www.facebook.com\/profile.php?id=100053614057280&amp;mibextid=ZbWKwL\" \/>\n<meta property=\"og:image\" content=\"https:\/\/automatisme-ci.com\/wp-content\/uploads\/2023\/11\/SSR-40A.png\" \/>\n\t<meta property=\"og:image:width\" content=\"500\" \/>\n\t<meta property=\"og:image:height\" content=\"500\" \/>\n\t<meta property=\"og:image:type\" content=\"image\/png\" \/>\n<meta name=\"twitter:card\" content=\"summary_large_image\" \/>\n<meta name=\"twitter:label1\" content=\"Est. reading time\" \/>\n\t<meta name=\"twitter:data1\" content=\"1 minute\" \/>\n<script type=\"application\/ld+json\" class=\"yoast-schema-graph\">{\"@context\":\"https:\/\/schema.org\",\"@graph\":[{\"@type\":\"WebPage\",\"@id\":\"https:\/\/automatisme-ci.com\/shop\/automation\/relais-statique-40a\/\",\"url\":\"https:\/\/automatisme-ci.com\/shop\/automation\/relais-statique-40a\/\",\"name\":\"Relais statique 40A - Automatisme | Pi\u00e8ces d\u00e9tach\u00e9es pour machines industrielles.\",\"isPartOf\":{\"@id\":\"https:\/\/automatisme-ci.com\/#website\"},\"primaryImageOfPage\":{\"@id\":\"https:\/\/automatisme-ci.com\/shop\/automation\/relais-statique-40a\/#primaryimage\"},\"image\":{\"@id\":\"https:\/\/automatisme-ci.com\/shop\/automation\/relais-statique-40a\/#primaryimage\"},\"thumbnailUrl\":\"https:\/\/automatisme-ci.com\/wp-content\/uploads\/2023\/11\/SSR-40A.png\",\"datePublished\":\"2023-11-02T03:36:16+00:00\",\"breadcrumb\":{\"@id\":\"https:\/\/automatisme-ci.com\/shop\/automation\/relais-statique-40a\/#breadcrumb\"},\"inLanguage\":\"en-US\",\"potentialAction\":[{\"@type\":\"ReadAction\",\"target\":[\"https:\/\/automatisme-ci.com\/shop\/automation\/relais-statique-40a\/\"]}]},{\"@type\":\"ImageObject\",\"inLanguage\":\"en-US\",\"@id\":\"https:\/\/automatisme-ci.com\/shop\/automation\/relais-statique-40a\/#primaryimage\",\"url\":\"https:\/\/automatisme-ci.com\/wp-content\/uploads\/2023\/11\/SSR-40A.png\",\"contentUrl\":\"https:\/\/automatisme-ci.com\/wp-content\/uploads\/2023\/11\/SSR-40A.png\",\"width\":500,\"height\":500},{\"@type\":\"BreadcrumbList\",\"@id\":\"https:\/\/automatisme-ci.com\/shop\/automation\/relais-statique-40a\/#breadcrumb\",\"itemListElement\":[{\"@type\":\"ListItem\",\"position\":1,\"name\":\"Home\",\"item\":\"https:\/\/automatisme-ci.com\/\"},{\"@type\":\"ListItem\",\"position\":2,\"name\":\"Boutique\",\"item\":\"https:\/\/automatisme-ci.com\/shop\/\"},{\"@type\":\"ListItem\",\"position\":3,\"name\":\"Relais statique 40A\"}]},{\"@type\":\"WebSite\",\"@id\":\"https:\/\/automatisme-ci.com\/#website\",\"url\":\"https:\/\/automatisme-ci.com\/\",\"name\":\"Automatisme | Pi\u00e8ces d\u00e9tach\u00e9es pour machines industrielles.\",\"description\":\"votre destination unique pour les pi\u00e8ces de rechange de machines industrielles. Forts de plus de 10 ans d&#039;exp\u00e9rience dans l&#039;industrie, nous sommes votre partenaire de confiance pour la maintenance et l&#039;optimisation de vos machines. Notre engagement envers la qualit\u00e9, la pr\u00e9cision et la satisfaction client nous distingue dans l&#039;industrie des pi\u00e8ces de rechange.\",\"publisher\":{\"@id\":\"https:\/\/automatisme-ci.com\/#organization\"},\"potentialAction\":[{\"@type\":\"SearchAction\",\"target\":{\"@type\":\"EntryPoint\",\"urlTemplate\":\"https:\/\/automatisme-ci.com\/?s={search_term_string}\"},\"query-input\":{\"@type\":\"PropertyValueSpecification\",\"valueRequired\":true,\"valueName\":\"search_term_string\"}}],\"inLanguage\":\"en-US\"},{\"@type\":\"Organization\",\"@id\":\"https:\/\/automatisme-ci.com\/#organization\",\"name\":\"Automatisme | Pi\u00e8ces d\u00e9tach\u00e9es pour machines industrielles.\",\"url\":\"https:\/\/automatisme-ci.com\/\",\"logo\":{\"@type\":\"ImageObject\",\"inLanguage\":\"en-US\",\"@id\":\"https:\/\/automatisme-ci.com\/#\/schema\/logo\/image\/\",\"url\":\"https:\/\/automatisme-ci.com\/wp-content\/uploads\/2023\/10\/logo-v1.webp\",\"contentUrl\":\"https:\/\/automatisme-ci.com\/wp-content\/uploads\/2023\/10\/logo-v1.webp\",\"width\":500,\"height\":161,\"caption\":\"Automatisme | Pi\u00e8ces d\u00e9tach\u00e9es pour machines industrielles.\"},\"image\":{\"@id\":\"https:\/\/automatisme-ci.com\/#\/schema\/logo\/image\/\"},\"sameAs\":[\"https:\/\/www.facebook.com\/profile.php?id=100053614057280&mibextid=ZbWKwL\"]}]}<\/script>\n<!-- \/ Yoast SEO plugin. -->","yoast_head_json":{"title":"Relais statique 40A - Automatisme | Pi\u00e8ces d\u00e9tach\u00e9es pour machines industrielles.","robots":{"index":"index","follow":"follow","max-snippet":"max-snippet:-1","max-image-preview":"max-image-preview:large","max-video-preview":"max-video-preview:-1"},"canonical":"https:\/\/automatisme-ci.com\/en\/shop\/automation\/relais-statique-40a\/","og_locale":"en_US","og_type":"article","og_title":"Relais statique 40A - Automatisme | Pi\u00e8ces d\u00e9tach\u00e9es pour machines industrielles.","og_description":"entr\u00e9e 3-32V  40A","og_url":"https:\/\/automatisme-ci.com\/en\/shop\/automation\/relais-statique-40a\/","og_site_name":"Automatisme | Pi\u00e8ces d\u00e9tach\u00e9es pour machines industrielles.","article_publisher":"https:\/\/www.facebook.com\/profile.php?id=100053614057280&mibextid=ZbWKwL","og_image":[{"width":500,"height":500,"url":"https:\/\/automatisme-ci.com\/wp-content\/uploads\/2023\/11\/SSR-40A.png","type":"image\/png"}],"twitter_card":"summary_large_image","twitter_misc":{"Est. reading time":"1 minute"},"schema":{"@context":"https:\/\/schema.org","@graph":[{"@type":"WebPage","@id":"https:\/\/automatisme-ci.com\/shop\/automation\/relais-statique-40a\/","url":"https:\/\/automatisme-ci.com\/shop\/automation\/relais-statique-40a\/","name":"Relais statique 40A - Automatisme | Pi\u00e8ces d\u00e9tach\u00e9es pour machines industrielles.","isPartOf":{"@id":"https:\/\/automatisme-ci.com\/#website"},"primaryImageOfPage":{"@id":"https:\/\/automatisme-ci.com\/shop\/automation\/relais-statique-40a\/#primaryimage"},"image":{"@id":"https:\/\/automatisme-ci.com\/shop\/automation\/relais-statique-40a\/#primaryimage"},"thumbnailUrl":"https:\/\/automatisme-ci.com\/wp-content\/uploads\/2023\/11\/SSR-40A.png","datePublished":"2023-11-02T03:36:16+00:00","breadcrumb":{"@id":"https:\/\/automatisme-ci.com\/shop\/automation\/relais-statique-40a\/#breadcrumb"},"inLanguage":"en-US","potentialAction":[{"@type":"ReadAction","target":["https:\/\/automatisme-ci.com\/shop\/automation\/relais-statique-40a\/"]}]},{"@type":"ImageObject","inLanguage":"en-US","@id":"https:\/\/automatisme-ci.com\/shop\/automation\/relais-statique-40a\/#primaryimage","url":"https:\/\/automatisme-ci.com\/wp-content\/uploads\/2023\/11\/SSR-40A.png","contentUrl":"https:\/\/automatisme-ci.com\/wp-content\/uploads\/2023\/11\/SSR-40A.png","width":500,"height":500},{"@type":"BreadcrumbList","@id":"https:\/\/automatisme-ci.com\/shop\/automation\/relais-statique-40a\/#breadcrumb","itemListElement":[{"@type":"ListItem","position":1,"name":"Home","item":"https:\/\/automatisme-ci.com\/"},{"@type":"ListItem","position":2,"name":"Boutique","item":"https:\/\/automatisme-ci.com\/shop\/"},{"@type":"ListItem","position":3,"name":"Relais statique 40A"}]},{"@type":"WebSite","@id":"https:\/\/automatisme-ci.com\/#website","url":"https:\/\/automatisme-ci.com\/","name":"Automatisme | Pi\u00e8ces d\u00e9tach\u00e9es pour machines industrielles.","description":"votre destination unique pour les pi\u00e8ces de rechange de machines industrielles. Forts de plus de 10 ans d&#039;exp\u00e9rience dans l&#039;industrie, nous sommes votre partenaire de confiance pour la maintenance et l&#039;optimisation de vos machines. Notre engagement envers la qualit\u00e9, la pr\u00e9cision et la satisfaction client nous distingue dans l&#039;industrie des pi\u00e8ces de rechange.","publisher":{"@id":"https:\/\/automatisme-ci.com\/#organization"},"potentialAction":[{"@type":"SearchAction","target":{"@type":"EntryPoint","urlTemplate":"https:\/\/automatisme-ci.com\/?s={search_term_string}"},"query-input":{"@type":"PropertyValueSpecification","valueRequired":true,"valueName":"search_term_string"}}],"inLanguage":"en-US"},{"@type":"Organization","@id":"https:\/\/automatisme-ci.com\/#organization","name":"Automatisme | Pi\u00e8ces d\u00e9tach\u00e9es pour machines industrielles.","url":"https:\/\/automatisme-ci.com\/","logo":{"@type":"ImageObject","inLanguage":"en-US","@id":"https:\/\/automatisme-ci.com\/#\/schema\/logo\/image\/","url":"https:\/\/automatisme-ci.com\/wp-content\/uploads\/2023\/10\/logo-v1.webp","contentUrl":"https:\/\/automatisme-ci.com\/wp-content\/uploads\/2023\/10\/logo-v1.webp","width":500,"height":161,"caption":"Automatisme | Pi\u00e8ces d\u00e9tach\u00e9es pour machines industrielles."},"image":{"@id":"https:\/\/automatisme-ci.com\/#\/schema\/logo\/image\/"},"sameAs":["https:\/\/www.facebook.com\/profile.php?id=100053614057280&mibextid=ZbWKwL"]}]}},"jetpack_sharing_enabled":true,"_links":{"self":[{"href":"https:\/\/automatisme-ci.com\/en\/wp-json\/wp\/v2\/product\/10114","targetHints":{"allow":["GET"]}}],"collection":[{"href":"https:\/\/automatisme-ci.com\/en\/wp-json\/wp\/v2\/product"}],"about":[{"href":"https:\/\/automatisme-ci.com\/en\/wp-json\/wp\/v2\/types\/product"}],"version-history":[{"count":1,"href":"https:\/\/automatisme-ci.com\/en\/wp-json\/wp\/v2\/product\/10114\/revisions"}],"predecessor-version":[{"id":10116,"href":"https:\/\/automatisme-ci.com\/en\/wp-json\/wp\/v2\/product\/10114\/revisions\/10116"}],"wp:featuredmedia":[{"embeddable":true,"href":"https:\/\/automatisme-ci.com\/en\/wp-json\/wp\/v2\/media\/10115"}],"wp:attachment":[{"href":"https:\/\/automatisme-ci.com\/en\/wp-json\/wp\/v2\/media?parent=10114"}],"wp:term":[{"taxonomy":"product_brand","embeddable":true,"href":"https:\/\/automatisme-ci.com\/en\/wp-json\/wp\/v2\/product_brand?post=10114"},{"taxonomy":"product_cat","embeddable":true,"href":"https:\/\/automatisme-ci.com\/en\/wp-json\/wp\/v2\/product_cat?post=10114"},{"taxonomy":"product_tag","embeddable":true,"href":"https:\/\/automatisme-ci.com\/en\/wp-json\/wp\/v2\/product_tag?post=10114"}],"curies":[{"name":"wp","href":"https:\/\/api.w.org\/{rel}","templated":true}]}}