{"id":10096,"date":"2023-11-02T03:15:45","date_gmt":"2023-11-02T02:15:45","guid":{"rendered":"https:\/\/automatisme-ci.com\/?post_type=product&#038;p=10096"},"modified":"2023-11-02T05:28:25","modified_gmt":"2023-11-02T04:28:25","slug":"alimentation-dc-24v-10a","status":"publish","type":"product","link":"https:\/\/automatisme-ci.com\/en\/shop\/cnc\/power-supply\/alimentation-dc-24v-10a\/","title":{"rendered":"Alimentation DC 24V &#8211; 10A"},"content":{"rendered":"<p>Nom du produit : alimentation \u00e0 d\u00e9coupage<br \/>\nEntr\u00e9e : CA 110-220V<br \/>\nSortie : DC 24V, 10A<br \/>\nMat\u00e9riel : Alliage, Pi\u00e8ces \u00e9lectroniques)<br \/>\nCouleur principale: ton argent<br \/>\nPoids net : 211g<\/p>","protected":false},"excerpt":{"rendered":"<p>24V &#8211; 10A<\/p>","protected":false},"featured_media":10094,"template":"","meta":[],"product_brand":[],"product_cat":[125,123,134,124,126],"product_tag":[],"class_list":{"0":"post-10096","1":"product","2":"type-product","3":"status-publish","4":"has-post-thumbnail","6":"product_cat-automation","7":"product_cat-cnc","8":"product_cat-power-supply","9":"product_cat-plastic-molding-machine","10":"product_cat-general-parts","12":"first","13":"instock","14":"shipping-taxable","15":"purchasable","16":"product-type-simple"},"yoast_head":"<!-- This site is optimized with the Yoast SEO plugin v24.9 - https:\/\/yoast.com\/wordpress\/plugins\/seo\/ -->\n<title>Alimentation DC 24V - 10A - Automatisme | Pi\u00e8ces d\u00e9tach\u00e9es pour machines industrielles.<\/title>\n<meta name=\"robots\" content=\"index, follow, max-snippet:-1, max-image-preview:large, max-video-preview:-1\" \/>\n<link rel=\"canonical\" href=\"https:\/\/automatisme-ci.com\/en\/shop\/cnc\/power-supply\/alimentation-dc-24v-10a\/\" \/>\n<meta property=\"og:locale\" content=\"en_US\" \/>\n<meta property=\"og:type\" content=\"article\" \/>\n<meta property=\"og:title\" content=\"Alimentation DC 24V - 10A - Automatisme | Pi\u00e8ces d\u00e9tach\u00e9es pour machines industrielles.\" \/>\n<meta property=\"og:description\" content=\"24V - 10A\" \/>\n<meta property=\"og:url\" content=\"https:\/\/automatisme-ci.com\/en\/shop\/cnc\/power-supply\/alimentation-dc-24v-10a\/\" \/>\n<meta property=\"og:site_name\" content=\"Automatisme | Pi\u00e8ces d\u00e9tach\u00e9es pour machines industrielles.\" \/>\n<meta property=\"article:publisher\" content=\"https:\/\/www.facebook.com\/profile.php?id=100053614057280&amp;mibextid=ZbWKwL\" \/>\n<meta property=\"article:modified_time\" content=\"2023-11-02T04:28:25+00:00\" \/>\n<meta property=\"og:image\" content=\"https:\/\/automatisme-ci.com\/wp-content\/uploads\/2023\/11\/24v-5a.png\" \/>\n\t<meta property=\"og:image:width\" content=\"500\" \/>\n\t<meta property=\"og:image:height\" content=\"500\" \/>\n\t<meta property=\"og:image:type\" content=\"image\/png\" \/>\n<meta name=\"twitter:card\" content=\"summary_large_image\" \/>\n<meta name=\"twitter:label1\" content=\"Est. reading time\" \/>\n\t<meta name=\"twitter:data1\" content=\"1 minute\" \/>\n<script type=\"application\/ld+json\" class=\"yoast-schema-graph\">{\"@context\":\"https:\/\/schema.org\",\"@graph\":[{\"@type\":\"WebPage\",\"@id\":\"https:\/\/automatisme-ci.com\/shop\/cnc\/power-supply\/alimentation-dc-24v-10a\/\",\"url\":\"https:\/\/automatisme-ci.com\/shop\/cnc\/power-supply\/alimentation-dc-24v-10a\/\",\"name\":\"Alimentation DC 24V - 10A - Automatisme | Pi\u00e8ces d\u00e9tach\u00e9es pour machines industrielles.\",\"isPartOf\":{\"@id\":\"https:\/\/automatisme-ci.com\/#website\"},\"primaryImageOfPage\":{\"@id\":\"https:\/\/automatisme-ci.com\/shop\/cnc\/power-supply\/alimentation-dc-24v-10a\/#primaryimage\"},\"image\":{\"@id\":\"https:\/\/automatisme-ci.com\/shop\/cnc\/power-supply\/alimentation-dc-24v-10a\/#primaryimage\"},\"thumbnailUrl\":\"https:\/\/automatisme-ci.com\/wp-content\/uploads\/2023\/11\/24v-5a.png\",\"datePublished\":\"2023-11-02T02:15:45+00:00\",\"dateModified\":\"2023-11-02T04:28:25+00:00\",\"breadcrumb\":{\"@id\":\"https:\/\/automatisme-ci.com\/shop\/cnc\/power-supply\/alimentation-dc-24v-10a\/#breadcrumb\"},\"inLanguage\":\"en-US\",\"potentialAction\":[{\"@type\":\"ReadAction\",\"target\":[\"https:\/\/automatisme-ci.com\/shop\/cnc\/power-supply\/alimentation-dc-24v-10a\/\"]}]},{\"@type\":\"ImageObject\",\"inLanguage\":\"en-US\",\"@id\":\"https:\/\/automatisme-ci.com\/shop\/cnc\/power-supply\/alimentation-dc-24v-10a\/#primaryimage\",\"url\":\"https:\/\/automatisme-ci.com\/wp-content\/uploads\/2023\/11\/24v-5a.png\",\"contentUrl\":\"https:\/\/automatisme-ci.com\/wp-content\/uploads\/2023\/11\/24v-5a.png\",\"width\":500,\"height\":500},{\"@type\":\"BreadcrumbList\",\"@id\":\"https:\/\/automatisme-ci.com\/shop\/cnc\/power-supply\/alimentation-dc-24v-10a\/#breadcrumb\",\"itemListElement\":[{\"@type\":\"ListItem\",\"position\":1,\"name\":\"Home\",\"item\":\"https:\/\/automatisme-ci.com\/\"},{\"@type\":\"ListItem\",\"position\":2,\"name\":\"Boutique\",\"item\":\"https:\/\/automatisme-ci.com\/shop\/\"},{\"@type\":\"ListItem\",\"position\":3,\"name\":\"Alimentation DC 24V &#8211; 10A\"}]},{\"@type\":\"WebSite\",\"@id\":\"https:\/\/automatisme-ci.com\/#website\",\"url\":\"https:\/\/automatisme-ci.com\/\",\"name\":\"Automatisme | Pi\u00e8ces d\u00e9tach\u00e9es pour machines industrielles.\",\"description\":\"votre destination unique pour les pi\u00e8ces de rechange de machines industrielles. Forts de plus de 10 ans d&#039;exp\u00e9rience dans l&#039;industrie, nous sommes votre partenaire de confiance pour la maintenance et l&#039;optimisation de vos machines. Notre engagement envers la qualit\u00e9, la pr\u00e9cision et la satisfaction client nous distingue dans l&#039;industrie des pi\u00e8ces de rechange.\",\"publisher\":{\"@id\":\"https:\/\/automatisme-ci.com\/#organization\"},\"potentialAction\":[{\"@type\":\"SearchAction\",\"target\":{\"@type\":\"EntryPoint\",\"urlTemplate\":\"https:\/\/automatisme-ci.com\/?s={search_term_string}\"},\"query-input\":{\"@type\":\"PropertyValueSpecification\",\"valueRequired\":true,\"valueName\":\"search_term_string\"}}],\"inLanguage\":\"en-US\"},{\"@type\":\"Organization\",\"@id\":\"https:\/\/automatisme-ci.com\/#organization\",\"name\":\"Automatisme | Pi\u00e8ces d\u00e9tach\u00e9es pour machines industrielles.\",\"url\":\"https:\/\/automatisme-ci.com\/\",\"logo\":{\"@type\":\"ImageObject\",\"inLanguage\":\"en-US\",\"@id\":\"https:\/\/automatisme-ci.com\/#\/schema\/logo\/image\/\",\"url\":\"https:\/\/automatisme-ci.com\/wp-content\/uploads\/2023\/10\/logo-v1.webp\",\"contentUrl\":\"https:\/\/automatisme-ci.com\/wp-content\/uploads\/2023\/10\/logo-v1.webp\",\"width\":500,\"height\":161,\"caption\":\"Automatisme | Pi\u00e8ces d\u00e9tach\u00e9es pour machines industrielles.\"},\"image\":{\"@id\":\"https:\/\/automatisme-ci.com\/#\/schema\/logo\/image\/\"},\"sameAs\":[\"https:\/\/www.facebook.com\/profile.php?id=100053614057280&mibextid=ZbWKwL\"]}]}<\/script>\n<!-- \/ Yoast SEO plugin. -->","yoast_head_json":{"title":"Alimentation DC 24V - 10A - Automatisme | Pi\u00e8ces d\u00e9tach\u00e9es pour machines industrielles.","robots":{"index":"index","follow":"follow","max-snippet":"max-snippet:-1","max-image-preview":"max-image-preview:large","max-video-preview":"max-video-preview:-1"},"canonical":"https:\/\/automatisme-ci.com\/en\/shop\/cnc\/power-supply\/alimentation-dc-24v-10a\/","og_locale":"en_US","og_type":"article","og_title":"Alimentation DC 24V - 10A - Automatisme | Pi\u00e8ces d\u00e9tach\u00e9es pour machines industrielles.","og_description":"24V - 10A","og_url":"https:\/\/automatisme-ci.com\/en\/shop\/cnc\/power-supply\/alimentation-dc-24v-10a\/","og_site_name":"Automatisme | Pi\u00e8ces d\u00e9tach\u00e9es pour machines industrielles.","article_publisher":"https:\/\/www.facebook.com\/profile.php?id=100053614057280&mibextid=ZbWKwL","article_modified_time":"2023-11-02T04:28:25+00:00","og_image":[{"width":500,"height":500,"url":"https:\/\/automatisme-ci.com\/wp-content\/uploads\/2023\/11\/24v-5a.png","type":"image\/png"}],"twitter_card":"summary_large_image","twitter_misc":{"Est. reading time":"1 minute"},"schema":{"@context":"https:\/\/schema.org","@graph":[{"@type":"WebPage","@id":"https:\/\/automatisme-ci.com\/shop\/cnc\/power-supply\/alimentation-dc-24v-10a\/","url":"https:\/\/automatisme-ci.com\/shop\/cnc\/power-supply\/alimentation-dc-24v-10a\/","name":"Alimentation DC 24V - 10A - Automatisme | Pi\u00e8ces d\u00e9tach\u00e9es pour machines industrielles.","isPartOf":{"@id":"https:\/\/automatisme-ci.com\/#website"},"primaryImageOfPage":{"@id":"https:\/\/automatisme-ci.com\/shop\/cnc\/power-supply\/alimentation-dc-24v-10a\/#primaryimage"},"image":{"@id":"https:\/\/automatisme-ci.com\/shop\/cnc\/power-supply\/alimentation-dc-24v-10a\/#primaryimage"},"thumbnailUrl":"https:\/\/automatisme-ci.com\/wp-content\/uploads\/2023\/11\/24v-5a.png","datePublished":"2023-11-02T02:15:45+00:00","dateModified":"2023-11-02T04:28:25+00:00","breadcrumb":{"@id":"https:\/\/automatisme-ci.com\/shop\/cnc\/power-supply\/alimentation-dc-24v-10a\/#breadcrumb"},"inLanguage":"en-US","potentialAction":[{"@type":"ReadAction","target":["https:\/\/automatisme-ci.com\/shop\/cnc\/power-supply\/alimentation-dc-24v-10a\/"]}]},{"@type":"ImageObject","inLanguage":"en-US","@id":"https:\/\/automatisme-ci.com\/shop\/cnc\/power-supply\/alimentation-dc-24v-10a\/#primaryimage","url":"https:\/\/automatisme-ci.com\/wp-content\/uploads\/2023\/11\/24v-5a.png","contentUrl":"https:\/\/automatisme-ci.com\/wp-content\/uploads\/2023\/11\/24v-5a.png","width":500,"height":500},{"@type":"BreadcrumbList","@id":"https:\/\/automatisme-ci.com\/shop\/cnc\/power-supply\/alimentation-dc-24v-10a\/#breadcrumb","itemListElement":[{"@type":"ListItem","position":1,"name":"Home","item":"https:\/\/automatisme-ci.com\/"},{"@type":"ListItem","position":2,"name":"Boutique","item":"https:\/\/automatisme-ci.com\/shop\/"},{"@type":"ListItem","position":3,"name":"Alimentation DC 24V &#8211; 10A"}]},{"@type":"WebSite","@id":"https:\/\/automatisme-ci.com\/#website","url":"https:\/\/automatisme-ci.com\/","name":"Automatisme | Pi\u00e8ces d\u00e9tach\u00e9es pour machines industrielles.","description":"votre destination unique pour les pi\u00e8ces de rechange de machines industrielles. Forts de plus de 10 ans d&#039;exp\u00e9rience dans l&#039;industrie, nous sommes votre partenaire de confiance pour la maintenance et l&#039;optimisation de vos machines. Notre engagement envers la qualit\u00e9, la pr\u00e9cision et la satisfaction client nous distingue dans l&#039;industrie des pi\u00e8ces de rechange.","publisher":{"@id":"https:\/\/automatisme-ci.com\/#organization"},"potentialAction":[{"@type":"SearchAction","target":{"@type":"EntryPoint","urlTemplate":"https:\/\/automatisme-ci.com\/?s={search_term_string}"},"query-input":{"@type":"PropertyValueSpecification","valueRequired":true,"valueName":"search_term_string"}}],"inLanguage":"en-US"},{"@type":"Organization","@id":"https:\/\/automatisme-ci.com\/#organization","name":"Automatisme | Pi\u00e8ces d\u00e9tach\u00e9es pour machines industrielles.","url":"https:\/\/automatisme-ci.com\/","logo":{"@type":"ImageObject","inLanguage":"en-US","@id":"https:\/\/automatisme-ci.com\/#\/schema\/logo\/image\/","url":"https:\/\/automatisme-ci.com\/wp-content\/uploads\/2023\/10\/logo-v1.webp","contentUrl":"https:\/\/automatisme-ci.com\/wp-content\/uploads\/2023\/10\/logo-v1.webp","width":500,"height":161,"caption":"Automatisme | Pi\u00e8ces d\u00e9tach\u00e9es pour machines industrielles."},"image":{"@id":"https:\/\/automatisme-ci.com\/#\/schema\/logo\/image\/"},"sameAs":["https:\/\/www.facebook.com\/profile.php?id=100053614057280&mibextid=ZbWKwL"]}]}},"jetpack_sharing_enabled":true,"_links":{"self":[{"href":"https:\/\/automatisme-ci.com\/en\/wp-json\/wp\/v2\/product\/10096","targetHints":{"allow":["GET"]}}],"collection":[{"href":"https:\/\/automatisme-ci.com\/en\/wp-json\/wp\/v2\/product"}],"about":[{"href":"https:\/\/automatisme-ci.com\/en\/wp-json\/wp\/v2\/types\/product"}],"version-history":[{"count":1,"href":"https:\/\/automatisme-ci.com\/en\/wp-json\/wp\/v2\/product\/10096\/revisions"}],"predecessor-version":[{"id":10097,"href":"https:\/\/automatisme-ci.com\/en\/wp-json\/wp\/v2\/product\/10096\/revisions\/10097"}],"wp:featuredmedia":[{"embeddable":true,"href":"https:\/\/automatisme-ci.com\/en\/wp-json\/wp\/v2\/media\/10094"}],"wp:attachment":[{"href":"https:\/\/automatisme-ci.com\/en\/wp-json\/wp\/v2\/media?parent=10096"}],"wp:term":[{"taxonomy":"product_brand","embeddable":true,"href":"https:\/\/automatisme-ci.com\/en\/wp-json\/wp\/v2\/product_brand?post=10096"},{"taxonomy":"product_cat","embeddable":true,"href":"https:\/\/automatisme-ci.com\/en\/wp-json\/wp\/v2\/product_cat?post=10096"},{"taxonomy":"product_tag","embeddable":true,"href":"https:\/\/automatisme-ci.com\/en\/wp-json\/wp\/v2\/product_tag?post=10096"}],"curies":[{"name":"wp","href":"https:\/\/api.w.org\/{rel}","templated":true}]}}