{"id":10080,"date":"2023-11-01T06:01:49","date_gmt":"2023-11-01T05:01:49","guid":{"rendered":"https:\/\/automatisme-ci.com\/?post_type=product&#038;p=10080"},"modified":"2023-11-01T06:03:29","modified_gmt":"2023-11-01T05:03:29","slug":"3-axis-nc-studio","status":"publish","type":"product","link":"https:\/\/automatisme-ci.com\/en\/shop\/cnc\/control-unit\/3-axis-nc-studio\/","title":{"rendered":"3 Axis NC Studio"},"content":{"rendered":"<p>Les fonctions:<\/p>\n<p>1) La configuration de base pour les trois axes de mouvement. Support de tourelle CNC. Traitement automatique. Prise en charge compl\u00e8te de la commande G standard ISO, du format de traceur HP (HP PLT) et du format de traitement sculpt\u00e9 (ENG).<br \/>\n2) Fonctions manuelles. Prend en charge \u00e0 la fois les p\u00e9riph\u00e9riques d&rsquo;entr\u00e9e de la machine, tels que les appareils portables et autres outils de manipulation, \u00e9galement pris en charge par les p\u00e9riph\u00e9riques d&rsquo;entr\u00e9e informatiques int\u00e9gr\u00e9s tels que le clavier, la souris, le fonctionnement manuel complet. Fonction d&rsquo;alimentation incr\u00e9mentale. L&rsquo;utilisateur peut r\u00e9gler avec pr\u00e9cision la vitesse d&rsquo;alimentation et peut \u00eatre ajust\u00e9 de mani\u00e8re flexible par \u00e9tapes.<br \/>\n3) Fonction de saisie de donn\u00e9es utilisateur (MDI). Les utilisateurs peuvent entrer la ligne de commande G et l&rsquo;ex\u00e9cuter imm\u00e9diatement.<br \/>\n4) Instruction de traitement avanc\u00e9e. Entrez simplement quelques param\u00e8tres, vous pouvez compl\u00e9ter le fraisage en bout, le crochet et d&rsquo;autres fonctions.<br \/>\n5) Mode en une seule \u00e9tape. Les utilisateurs peuvent configurer les t\u00e2ches de traitement \u00e0 effectuer en une seule \u00e9tape, ce qui constitue un mauvais diagnostic et Recovery fournit un bon support.<br \/>\n6) M\u00e9moire de point d&rsquo;arr\u00eat, les sauts ex\u00e9cutent d&rsquo;autres fonctionnalit\u00e9s automatiques avanc\u00e9es.<br \/>\n7) Fonction de sauvegarde\/restauration de l&rsquo;origine de la pi\u00e8ce.<br \/>\n8) Fonction de retour d&rsquo;origine m\u00e9canique de pr\u00e9cision de l&rsquo;axe d&rsquo;alimentation (point de r\u00e9f\u00e9rence).<br \/>\nFonctionnalit\u00e9 d&rsquo;outil automatique. Ces fonctionnalit\u00e9s offrent aux utilisateurs une grande commodit\u00e9 et un grand traitement.<br \/>\n9) Ajustement de la ligne d&rsquo;avance Dans le processus, l&rsquo;utilisateur peut ajuster l&rsquo;avance minimum \u00e0 0, ce qui \u00e9quivaut \u00e0 suspendre le traitement. Jusqu&rsquo;\u00e0 120%.<br \/>\n10) Caract\u00e9ristiques de vitesse de connexion \u00e0 vitesse fluide. Dans le syst\u00e8me CNC g\u00e9n\u00e9ral, la vitesse de connexion entre deux commandes G est g\u00e9n\u00e9ralement une valeur fixe (par exemple, un z\u00e9ro ou une petite valeur). Dans la nouvelle version du syst\u00e8me CNC, utilisant un algorithme unique de pr\u00e9diction adaptative de la vitesse de traitement. L&rsquo;algorithme, en fonction de la taille de la vitesse de connexion, de la direction, de l&rsquo;acc\u00e9l\u00e9ration maximale et de la fonction de pr\u00e9diction directe, d\u00e9termine de mani\u00e8re adaptative la vitesse actuelle de convergence entre l&rsquo;instruction et l&rsquo;instruction suivante. Non seulement am\u00e9liore consid\u00e9rablement l&rsquo;efficacit\u00e9 du traitement (environ 30 % \u00e0 300 %), mais am\u00e9liore \u00e9galement les performances de traitement, en \u00e9liminant les vibrations laiss\u00e9es dans la vitesse de surface usin\u00e9e.<br \/>\n11) fonction d&rsquo;affichage de simulation 3D. Par une op\u00e9ration simple, on peut observer sous diff\u00e9rents angles les r\u00e9sultats du traitement dimensionnel, ce qui permet une compr\u00e9hension plus pr\u00e9cise et plus intuitive du r\u00e9sultat de l&rsquo;usinage.<br \/>\n12) Simulations. Vous pouvez effectuer une simulation rapide du traitement du programme d&rsquo;usinage dans un laps de temps tr\u00e8s court, tout en v\u00e9rifiant les erreurs et les proc\u00e9dures de traitement, en traitant les r\u00e9sultats de mani\u00e8re satisfaisante et en calculant avec pr\u00e9cision le temps de traitement r\u00e9el requis.<br \/>\n13) Prise en charge du clavier puissant et flexible. La nouvelle version prend en charge les op\u00e9rations au clavier de mani\u00e8re tr\u00e8s forte. R\u00e9pondez aux besoins de l\u2019utilisateur pendant le fonctionnement.<br \/>\n14) Fonction de journalisation. Le syst\u00e8me fournit de puissantes fonctionnalit\u00e9s de journalisation qui aident l&rsquo;utilisateur \u00e0 afficher des informations d\u00e9taill\u00e9es sur le traitement et les diagnostics du syst\u00e8me.<br \/>\n15) Gestionnaire de fichiers de traitement int\u00e9gr\u00e9. Les utilisateurs enregistrent simplement les fichiers trait\u00e9s dans le r\u00e9pertoire sp\u00e9cifi\u00e9, Ncstudio peut g\u00e9rer ces fichiers dans un gestionnaire int\u00e9gr\u00e9.<\/p>\n<p>Forfait comprenant :<br \/>\n1 x carte PCI de studio CNC<br \/>\n1 x carte Breakout avec 15 broches.<br \/>\nC\u00e2ble de donn\u00e9es 1x3M<\/p>","protected":false},"excerpt":{"rendered":"<p>NC Studio Carte<\/p>","protected":false},"featured_media":10081,"template":"","meta":[],"product_brand":[],"product_cat":[127],"product_tag":[],"class_list":{"0":"post-10080","1":"product","2":"type-product","3":"status-publish","4":"has-post-thumbnail","6":"product_cat-control-unit","8":"first","9":"instock","10":"shipping-taxable","11":"purchasable","12":"product-type-simple"},"yoast_head":"<!-- This site is optimized with the Yoast SEO plugin v24.9 - https:\/\/yoast.com\/wordpress\/plugins\/seo\/ -->\n<title>3 Axis NC Studio - Automatisme | Pi\u00e8ces d\u00e9tach\u00e9es pour machines industrielles.<\/title>\n<meta name=\"robots\" content=\"index, follow, max-snippet:-1, max-image-preview:large, max-video-preview:-1\" \/>\n<link rel=\"canonical\" href=\"https:\/\/automatisme-ci.com\/en\/shop\/cnc\/control-unit\/3-axis-nc-studio\/\" \/>\n<meta property=\"og:locale\" content=\"en_US\" \/>\n<meta property=\"og:type\" content=\"article\" \/>\n<meta property=\"og:title\" content=\"3 Axis NC Studio - Automatisme | Pi\u00e8ces d\u00e9tach\u00e9es pour machines industrielles.\" \/>\n<meta property=\"og:description\" content=\"NC Studio Carte\" \/>\n<meta property=\"og:url\" content=\"https:\/\/automatisme-ci.com\/en\/shop\/cnc\/control-unit\/3-axis-nc-studio\/\" \/>\n<meta property=\"og:site_name\" content=\"Automatisme | Pi\u00e8ces d\u00e9tach\u00e9es pour machines industrielles.\" \/>\n<meta property=\"article:publisher\" content=\"https:\/\/www.facebook.com\/profile.php?id=100053614057280&amp;mibextid=ZbWKwL\" \/>\n<meta property=\"article:modified_time\" content=\"2023-11-01T05:03:29+00:00\" \/>\n<meta property=\"og:image\" content=\"https:\/\/automatisme-ci.com\/wp-content\/uploads\/2023\/11\/NC-STUDIO.png\" \/>\n\t<meta property=\"og:image:width\" content=\"500\" \/>\n\t<meta property=\"og:image:height\" content=\"500\" \/>\n\t<meta property=\"og:image:type\" content=\"image\/png\" \/>\n<meta name=\"twitter:card\" content=\"summary_large_image\" \/>\n<meta name=\"twitter:label1\" content=\"Est. reading time\" \/>\n\t<meta name=\"twitter:data1\" content=\"3 minutes\" \/>\n<script type=\"application\/ld+json\" class=\"yoast-schema-graph\">{\"@context\":\"https:\/\/schema.org\",\"@graph\":[{\"@type\":\"WebPage\",\"@id\":\"https:\/\/automatisme-ci.com\/shop\/cnc\/control-unit\/3-axis-nc-studio\/\",\"url\":\"https:\/\/automatisme-ci.com\/shop\/cnc\/control-unit\/3-axis-nc-studio\/\",\"name\":\"3 Axis NC Studio - Automatisme | Pi\u00e8ces d\u00e9tach\u00e9es pour machines industrielles.\",\"isPartOf\":{\"@id\":\"https:\/\/automatisme-ci.com\/#website\"},\"primaryImageOfPage\":{\"@id\":\"https:\/\/automatisme-ci.com\/shop\/cnc\/control-unit\/3-axis-nc-studio\/#primaryimage\"},\"image\":{\"@id\":\"https:\/\/automatisme-ci.com\/shop\/cnc\/control-unit\/3-axis-nc-studio\/#primaryimage\"},\"thumbnailUrl\":\"https:\/\/automatisme-ci.com\/wp-content\/uploads\/2023\/11\/NC-STUDIO.png\",\"datePublished\":\"2023-11-01T05:01:49+00:00\",\"dateModified\":\"2023-11-01T05:03:29+00:00\",\"breadcrumb\":{\"@id\":\"https:\/\/automatisme-ci.com\/shop\/cnc\/control-unit\/3-axis-nc-studio\/#breadcrumb\"},\"inLanguage\":\"en-US\",\"potentialAction\":[{\"@type\":\"ReadAction\",\"target\":[\"https:\/\/automatisme-ci.com\/shop\/cnc\/control-unit\/3-axis-nc-studio\/\"]}]},{\"@type\":\"ImageObject\",\"inLanguage\":\"en-US\",\"@id\":\"https:\/\/automatisme-ci.com\/shop\/cnc\/control-unit\/3-axis-nc-studio\/#primaryimage\",\"url\":\"https:\/\/automatisme-ci.com\/wp-content\/uploads\/2023\/11\/NC-STUDIO.png\",\"contentUrl\":\"https:\/\/automatisme-ci.com\/wp-content\/uploads\/2023\/11\/NC-STUDIO.png\",\"width\":500,\"height\":500},{\"@type\":\"BreadcrumbList\",\"@id\":\"https:\/\/automatisme-ci.com\/shop\/cnc\/control-unit\/3-axis-nc-studio\/#breadcrumb\",\"itemListElement\":[{\"@type\":\"ListItem\",\"position\":1,\"name\":\"Home\",\"item\":\"https:\/\/automatisme-ci.com\/\"},{\"@type\":\"ListItem\",\"position\":2,\"name\":\"Boutique\",\"item\":\"https:\/\/automatisme-ci.com\/shop\/\"},{\"@type\":\"ListItem\",\"position\":3,\"name\":\"3 Axis NC Studio\"}]},{\"@type\":\"WebSite\",\"@id\":\"https:\/\/automatisme-ci.com\/#website\",\"url\":\"https:\/\/automatisme-ci.com\/\",\"name\":\"Automatisme | Pi\u00e8ces d\u00e9tach\u00e9es pour machines industrielles.\",\"description\":\"votre destination unique pour les pi\u00e8ces de rechange de machines industrielles. Forts de plus de 10 ans d&#039;exp\u00e9rience dans l&#039;industrie, nous sommes votre partenaire de confiance pour la maintenance et l&#039;optimisation de vos machines. Notre engagement envers la qualit\u00e9, la pr\u00e9cision et la satisfaction client nous distingue dans l&#039;industrie des pi\u00e8ces de rechange.\",\"publisher\":{\"@id\":\"https:\/\/automatisme-ci.com\/#organization\"},\"potentialAction\":[{\"@type\":\"SearchAction\",\"target\":{\"@type\":\"EntryPoint\",\"urlTemplate\":\"https:\/\/automatisme-ci.com\/?s={search_term_string}\"},\"query-input\":{\"@type\":\"PropertyValueSpecification\",\"valueRequired\":true,\"valueName\":\"search_term_string\"}}],\"inLanguage\":\"en-US\"},{\"@type\":\"Organization\",\"@id\":\"https:\/\/automatisme-ci.com\/#organization\",\"name\":\"Automatisme | Pi\u00e8ces d\u00e9tach\u00e9es pour machines industrielles.\",\"url\":\"https:\/\/automatisme-ci.com\/\",\"logo\":{\"@type\":\"ImageObject\",\"inLanguage\":\"en-US\",\"@id\":\"https:\/\/automatisme-ci.com\/#\/schema\/logo\/image\/\",\"url\":\"https:\/\/automatisme-ci.com\/wp-content\/uploads\/2023\/10\/logo-v1.webp\",\"contentUrl\":\"https:\/\/automatisme-ci.com\/wp-content\/uploads\/2023\/10\/logo-v1.webp\",\"width\":500,\"height\":161,\"caption\":\"Automatisme | Pi\u00e8ces d\u00e9tach\u00e9es pour machines industrielles.\"},\"image\":{\"@id\":\"https:\/\/automatisme-ci.com\/#\/schema\/logo\/image\/\"},\"sameAs\":[\"https:\/\/www.facebook.com\/profile.php?id=100053614057280&mibextid=ZbWKwL\"]}]}<\/script>\n<!-- \/ Yoast SEO plugin. -->","yoast_head_json":{"title":"3 Axis NC Studio - Automatisme | Pi\u00e8ces d\u00e9tach\u00e9es pour machines industrielles.","robots":{"index":"index","follow":"follow","max-snippet":"max-snippet:-1","max-image-preview":"max-image-preview:large","max-video-preview":"max-video-preview:-1"},"canonical":"https:\/\/automatisme-ci.com\/en\/shop\/cnc\/control-unit\/3-axis-nc-studio\/","og_locale":"en_US","og_type":"article","og_title":"3 Axis NC Studio - Automatisme | Pi\u00e8ces d\u00e9tach\u00e9es pour machines industrielles.","og_description":"NC Studio Carte","og_url":"https:\/\/automatisme-ci.com\/en\/shop\/cnc\/control-unit\/3-axis-nc-studio\/","og_site_name":"Automatisme | Pi\u00e8ces d\u00e9tach\u00e9es pour machines industrielles.","article_publisher":"https:\/\/www.facebook.com\/profile.php?id=100053614057280&mibextid=ZbWKwL","article_modified_time":"2023-11-01T05:03:29+00:00","og_image":[{"width":500,"height":500,"url":"https:\/\/automatisme-ci.com\/wp-content\/uploads\/2023\/11\/NC-STUDIO.png","type":"image\/png"}],"twitter_card":"summary_large_image","twitter_misc":{"Est. reading time":"3 minutes"},"schema":{"@context":"https:\/\/schema.org","@graph":[{"@type":"WebPage","@id":"https:\/\/automatisme-ci.com\/shop\/cnc\/control-unit\/3-axis-nc-studio\/","url":"https:\/\/automatisme-ci.com\/shop\/cnc\/control-unit\/3-axis-nc-studio\/","name":"3 Axis NC Studio - Automatisme | Pi\u00e8ces d\u00e9tach\u00e9es pour machines industrielles.","isPartOf":{"@id":"https:\/\/automatisme-ci.com\/#website"},"primaryImageOfPage":{"@id":"https:\/\/automatisme-ci.com\/shop\/cnc\/control-unit\/3-axis-nc-studio\/#primaryimage"},"image":{"@id":"https:\/\/automatisme-ci.com\/shop\/cnc\/control-unit\/3-axis-nc-studio\/#primaryimage"},"thumbnailUrl":"https:\/\/automatisme-ci.com\/wp-content\/uploads\/2023\/11\/NC-STUDIO.png","datePublished":"2023-11-01T05:01:49+00:00","dateModified":"2023-11-01T05:03:29+00:00","breadcrumb":{"@id":"https:\/\/automatisme-ci.com\/shop\/cnc\/control-unit\/3-axis-nc-studio\/#breadcrumb"},"inLanguage":"en-US","potentialAction":[{"@type":"ReadAction","target":["https:\/\/automatisme-ci.com\/shop\/cnc\/control-unit\/3-axis-nc-studio\/"]}]},{"@type":"ImageObject","inLanguage":"en-US","@id":"https:\/\/automatisme-ci.com\/shop\/cnc\/control-unit\/3-axis-nc-studio\/#primaryimage","url":"https:\/\/automatisme-ci.com\/wp-content\/uploads\/2023\/11\/NC-STUDIO.png","contentUrl":"https:\/\/automatisme-ci.com\/wp-content\/uploads\/2023\/11\/NC-STUDIO.png","width":500,"height":500},{"@type":"BreadcrumbList","@id":"https:\/\/automatisme-ci.com\/shop\/cnc\/control-unit\/3-axis-nc-studio\/#breadcrumb","itemListElement":[{"@type":"ListItem","position":1,"name":"Home","item":"https:\/\/automatisme-ci.com\/"},{"@type":"ListItem","position":2,"name":"Boutique","item":"https:\/\/automatisme-ci.com\/shop\/"},{"@type":"ListItem","position":3,"name":"3 Axis NC Studio"}]},{"@type":"WebSite","@id":"https:\/\/automatisme-ci.com\/#website","url":"https:\/\/automatisme-ci.com\/","name":"Automatisme | Pi\u00e8ces d\u00e9tach\u00e9es pour machines industrielles.","description":"votre destination unique pour les pi\u00e8ces de rechange de machines industrielles. Forts de plus de 10 ans d&#039;exp\u00e9rience dans l&#039;industrie, nous sommes votre partenaire de confiance pour la maintenance et l&#039;optimisation de vos machines. Notre engagement envers la qualit\u00e9, la pr\u00e9cision et la satisfaction client nous distingue dans l&#039;industrie des pi\u00e8ces de rechange.","publisher":{"@id":"https:\/\/automatisme-ci.com\/#organization"},"potentialAction":[{"@type":"SearchAction","target":{"@type":"EntryPoint","urlTemplate":"https:\/\/automatisme-ci.com\/?s={search_term_string}"},"query-input":{"@type":"PropertyValueSpecification","valueRequired":true,"valueName":"search_term_string"}}],"inLanguage":"en-US"},{"@type":"Organization","@id":"https:\/\/automatisme-ci.com\/#organization","name":"Automatisme | Pi\u00e8ces d\u00e9tach\u00e9es pour machines industrielles.","url":"https:\/\/automatisme-ci.com\/","logo":{"@type":"ImageObject","inLanguage":"en-US","@id":"https:\/\/automatisme-ci.com\/#\/schema\/logo\/image\/","url":"https:\/\/automatisme-ci.com\/wp-content\/uploads\/2023\/10\/logo-v1.webp","contentUrl":"https:\/\/automatisme-ci.com\/wp-content\/uploads\/2023\/10\/logo-v1.webp","width":500,"height":161,"caption":"Automatisme | Pi\u00e8ces d\u00e9tach\u00e9es pour machines industrielles."},"image":{"@id":"https:\/\/automatisme-ci.com\/#\/schema\/logo\/image\/"},"sameAs":["https:\/\/www.facebook.com\/profile.php?id=100053614057280&mibextid=ZbWKwL"]}]}},"jetpack_sharing_enabled":true,"_links":{"self":[{"href":"https:\/\/automatisme-ci.com\/en\/wp-json\/wp\/v2\/product\/10080","targetHints":{"allow":["GET"]}}],"collection":[{"href":"https:\/\/automatisme-ci.com\/en\/wp-json\/wp\/v2\/product"}],"about":[{"href":"https:\/\/automatisme-ci.com\/en\/wp-json\/wp\/v2\/types\/product"}],"version-history":[{"count":1,"href":"https:\/\/automatisme-ci.com\/en\/wp-json\/wp\/v2\/product\/10080\/revisions"}],"predecessor-version":[{"id":10084,"href":"https:\/\/automatisme-ci.com\/en\/wp-json\/wp\/v2\/product\/10080\/revisions\/10084"}],"wp:featuredmedia":[{"embeddable":true,"href":"https:\/\/automatisme-ci.com\/en\/wp-json\/wp\/v2\/media\/10081"}],"wp:attachment":[{"href":"https:\/\/automatisme-ci.com\/en\/wp-json\/wp\/v2\/media?parent=10080"}],"wp:term":[{"taxonomy":"product_brand","embeddable":true,"href":"https:\/\/automatisme-ci.com\/en\/wp-json\/wp\/v2\/product_brand?post=10080"},{"taxonomy":"product_cat","embeddable":true,"href":"https:\/\/automatisme-ci.com\/en\/wp-json\/wp\/v2\/product_cat?post=10080"},{"taxonomy":"product_tag","embeddable":true,"href":"https:\/\/automatisme-ci.com\/en\/wp-json\/wp\/v2\/product_tag?post=10080"}],"curies":[{"name":"wp","href":"https:\/\/api.w.org\/{rel}","templated":true}]}}