{"id":10077,"date":"2023-11-01T05:51:01","date_gmt":"2023-11-01T04:51:01","guid":{"rendered":"https:\/\/automatisme-ci.com\/?post_type=product&#038;p=10077"},"modified":"2023-11-01T05:51:29","modified_gmt":"2023-11-01T04:51:29","slug":"richauto-a11-cnc-manette","status":"publish","type":"product","link":"https:\/\/automatisme-ci.com\/en\/shop\/cnc\/control-unit\/richauto-a11-cnc-manette\/","title":{"rendered":"RichAuto A11 CNC Manette"},"content":{"rendered":"<p>Caract\u00e9ristique du produit<\/p>\n<p>Nouveau mode de mouvement de liaison \u00e0 trois axes pour obtenir un contr\u00f4le complet<br \/>\nPrise en charge du pilote d&rsquo;axe XYZ et de la fonction d&rsquo;alarme d&rsquo;erreur de broche<br \/>\nGrand espace de stockage, compatibilit\u00e9 parfaite du disque U, vitesse de lecture rapide, traitement du disque U s\u00fbr et fiable.<br \/>\nPrend en charge la fonction de v\u00e9rification intelligente des fichiers.<br \/>\nFonction de sauvegarde et de restauration des param\u00e8tres pour \u00e9viter la perte de param\u00e8tres importants.<br \/>\nLa haute intensit\u00e9 anti-brouillage passe de nombreux tests CE.<br \/>\nM\u00e9moire de traitement intelligente, prend en charge la protection contre les pannes de courant et la fonction de point d&rsquo;arr\u00eat.<br \/>\nLes interfaces d&rsquo;E\/S d\u00e9finissables offrent aux clients une large gamme de plates-formes de d\u00e9veloppement.<\/p>\n<p>Param\u00e8tres du produit<\/p>\n<p>Mod\u00e8le de produit RichAuto &#8212;- A11<br \/>\nProcesseur DSP<br \/>\nM\u00e9moire interne 512 Mo<br \/>\n\u00c9cran d&rsquo;affichage LCD monochrome 128*64<br \/>\nPort de communication disque U, c\u00e2ble USB<br \/>\nNum\u00e9ro d&rsquo;axe contr\u00f4l\u00e9 3 axes<br \/>\nSignal diff\u00e9rentiel de signal de commande<br \/>\nMoteur pas \u00e0 pas\/servomoteur du syst\u00e8me d&rsquo;entra\u00eenement<br \/>\nUnit\u00e9 d&rsquo;entr\u00e9e minimale 0,001 mm<br \/>\nPas de prise en charge de la protection Volt<br \/>\nPrise en charge de la fonction de traitement des points d&rsquo;arr\u00eat<br \/>\nTension d&rsquo;alimentation externe 24 V CC<br \/>\nMode manuel continu, d\u00e9placement du point, distance<br \/>\nM\u00e9thode d&rsquo;interpolation ligne\u3001arc\u3001courbe<br \/>\nPrise en charge des limites souples\/dures<br \/>\nFr\u00e9quence d&rsquo;impulsion maximale 1 M\/S<br \/>\nPrise en charge de la protection par mot de passe<br \/>\nLangue de support chinois simple\/chinois traditionnel, anglais, autres langues<br \/>\nConfiguration standard (1) poign\u00e9e DSP \uff1b (1) c\u00e2ble 50 conducteurs (1) c\u00e2ble USB \uff1b (1) carte de c\u00e2blage 8 E\/S ; (1) CD de donn\u00e9es<\/p>","protected":false},"excerpt":{"rendered":"<p>CNC Manette<\/p>","protected":false},"featured_media":10078,"template":"","meta":[],"product_brand":[],"product_cat":[127],"product_tag":[],"class_list":{"0":"post-10077","1":"product","2":"type-product","3":"status-publish","4":"has-post-thumbnail","6":"product_cat-control-unit","8":"first","9":"instock","10":"shipping-taxable","11":"purchasable","12":"product-type-simple"},"yoast_head":"<!-- This site is optimized with the Yoast SEO plugin v24.9 - https:\/\/yoast.com\/wordpress\/plugins\/seo\/ -->\n<title>RichAuto A11 CNC Manette - Automatisme | Pi\u00e8ces d\u00e9tach\u00e9es pour machines industrielles.<\/title>\n<meta name=\"robots\" content=\"index, follow, max-snippet:-1, max-image-preview:large, max-video-preview:-1\" \/>\n<link rel=\"canonical\" href=\"https:\/\/automatisme-ci.com\/en\/shop\/cnc\/control-unit\/richauto-a11-cnc-manette\/\" \/>\n<meta property=\"og:locale\" content=\"en_US\" \/>\n<meta property=\"og:type\" content=\"article\" \/>\n<meta property=\"og:title\" content=\"RichAuto A11 CNC Manette - Automatisme | Pi\u00e8ces d\u00e9tach\u00e9es pour machines industrielles.\" \/>\n<meta property=\"og:description\" content=\"CNC Manette\" \/>\n<meta property=\"og:url\" content=\"https:\/\/automatisme-ci.com\/en\/shop\/cnc\/control-unit\/richauto-a11-cnc-manette\/\" \/>\n<meta property=\"og:site_name\" content=\"Automatisme | Pi\u00e8ces d\u00e9tach\u00e9es pour machines industrielles.\" \/>\n<meta property=\"article:publisher\" content=\"https:\/\/www.facebook.com\/profile.php?id=100053614057280&amp;mibextid=ZbWKwL\" \/>\n<meta property=\"article:modified_time\" content=\"2023-11-01T04:51:29+00:00\" \/>\n<meta property=\"og:image\" content=\"https:\/\/automatisme-ci.com\/wp-content\/uploads\/2023\/11\/A11.png\" \/>\n\t<meta property=\"og:image:width\" content=\"500\" \/>\n\t<meta property=\"og:image:height\" content=\"500\" \/>\n\t<meta property=\"og:image:type\" content=\"image\/png\" \/>\n<meta name=\"twitter:card\" content=\"summary_large_image\" \/>\n<meta name=\"twitter:label1\" content=\"Est. reading time\" \/>\n\t<meta name=\"twitter:data1\" content=\"2 minutes\" \/>\n<script type=\"application\/ld+json\" class=\"yoast-schema-graph\">{\"@context\":\"https:\/\/schema.org\",\"@graph\":[{\"@type\":\"WebPage\",\"@id\":\"https:\/\/automatisme-ci.com\/shop\/cnc\/control-unit\/richauto-a11-cnc-manette\/\",\"url\":\"https:\/\/automatisme-ci.com\/shop\/cnc\/control-unit\/richauto-a11-cnc-manette\/\",\"name\":\"RichAuto A11 CNC Manette - Automatisme | Pi\u00e8ces d\u00e9tach\u00e9es pour machines industrielles.\",\"isPartOf\":{\"@id\":\"https:\/\/automatisme-ci.com\/#website\"},\"primaryImageOfPage\":{\"@id\":\"https:\/\/automatisme-ci.com\/shop\/cnc\/control-unit\/richauto-a11-cnc-manette\/#primaryimage\"},\"image\":{\"@id\":\"https:\/\/automatisme-ci.com\/shop\/cnc\/control-unit\/richauto-a11-cnc-manette\/#primaryimage\"},\"thumbnailUrl\":\"https:\/\/automatisme-ci.com\/wp-content\/uploads\/2023\/11\/A11.png\",\"datePublished\":\"2023-11-01T04:51:01+00:00\",\"dateModified\":\"2023-11-01T04:51:29+00:00\",\"breadcrumb\":{\"@id\":\"https:\/\/automatisme-ci.com\/shop\/cnc\/control-unit\/richauto-a11-cnc-manette\/#breadcrumb\"},\"inLanguage\":\"en-US\",\"potentialAction\":[{\"@type\":\"ReadAction\",\"target\":[\"https:\/\/automatisme-ci.com\/shop\/cnc\/control-unit\/richauto-a11-cnc-manette\/\"]}]},{\"@type\":\"ImageObject\",\"inLanguage\":\"en-US\",\"@id\":\"https:\/\/automatisme-ci.com\/shop\/cnc\/control-unit\/richauto-a11-cnc-manette\/#primaryimage\",\"url\":\"https:\/\/automatisme-ci.com\/wp-content\/uploads\/2023\/11\/A11.png\",\"contentUrl\":\"https:\/\/automatisme-ci.com\/wp-content\/uploads\/2023\/11\/A11.png\",\"width\":500,\"height\":500},{\"@type\":\"BreadcrumbList\",\"@id\":\"https:\/\/automatisme-ci.com\/shop\/cnc\/control-unit\/richauto-a11-cnc-manette\/#breadcrumb\",\"itemListElement\":[{\"@type\":\"ListItem\",\"position\":1,\"name\":\"Home\",\"item\":\"https:\/\/automatisme-ci.com\/\"},{\"@type\":\"ListItem\",\"position\":2,\"name\":\"Boutique\",\"item\":\"https:\/\/automatisme-ci.com\/shop\/\"},{\"@type\":\"ListItem\",\"position\":3,\"name\":\"RichAuto A11 CNC Manette\"}]},{\"@type\":\"WebSite\",\"@id\":\"https:\/\/automatisme-ci.com\/#website\",\"url\":\"https:\/\/automatisme-ci.com\/\",\"name\":\"Automatisme | Pi\u00e8ces d\u00e9tach\u00e9es pour machines industrielles.\",\"description\":\"votre destination unique pour les pi\u00e8ces de rechange de machines industrielles. Forts de plus de 10 ans d&#039;exp\u00e9rience dans l&#039;industrie, nous sommes votre partenaire de confiance pour la maintenance et l&#039;optimisation de vos machines. Notre engagement envers la qualit\u00e9, la pr\u00e9cision et la satisfaction client nous distingue dans l&#039;industrie des pi\u00e8ces de rechange.\",\"publisher\":{\"@id\":\"https:\/\/automatisme-ci.com\/#organization\"},\"potentialAction\":[{\"@type\":\"SearchAction\",\"target\":{\"@type\":\"EntryPoint\",\"urlTemplate\":\"https:\/\/automatisme-ci.com\/?s={search_term_string}\"},\"query-input\":{\"@type\":\"PropertyValueSpecification\",\"valueRequired\":true,\"valueName\":\"search_term_string\"}}],\"inLanguage\":\"en-US\"},{\"@type\":\"Organization\",\"@id\":\"https:\/\/automatisme-ci.com\/#organization\",\"name\":\"Automatisme | Pi\u00e8ces d\u00e9tach\u00e9es pour machines industrielles.\",\"url\":\"https:\/\/automatisme-ci.com\/\",\"logo\":{\"@type\":\"ImageObject\",\"inLanguage\":\"en-US\",\"@id\":\"https:\/\/automatisme-ci.com\/#\/schema\/logo\/image\/\",\"url\":\"https:\/\/automatisme-ci.com\/wp-content\/uploads\/2023\/10\/logo-v1.webp\",\"contentUrl\":\"https:\/\/automatisme-ci.com\/wp-content\/uploads\/2023\/10\/logo-v1.webp\",\"width\":500,\"height\":161,\"caption\":\"Automatisme | Pi\u00e8ces d\u00e9tach\u00e9es pour machines industrielles.\"},\"image\":{\"@id\":\"https:\/\/automatisme-ci.com\/#\/schema\/logo\/image\/\"},\"sameAs\":[\"https:\/\/www.facebook.com\/profile.php?id=100053614057280&mibextid=ZbWKwL\"]}]}<\/script>\n<!-- \/ Yoast SEO plugin. -->","yoast_head_json":{"title":"RichAuto A11 CNC Manette - Automatisme | Pi\u00e8ces d\u00e9tach\u00e9es pour machines industrielles.","robots":{"index":"index","follow":"follow","max-snippet":"max-snippet:-1","max-image-preview":"max-image-preview:large","max-video-preview":"max-video-preview:-1"},"canonical":"https:\/\/automatisme-ci.com\/en\/shop\/cnc\/control-unit\/richauto-a11-cnc-manette\/","og_locale":"en_US","og_type":"article","og_title":"RichAuto A11 CNC Manette - Automatisme | Pi\u00e8ces d\u00e9tach\u00e9es pour machines industrielles.","og_description":"CNC Manette","og_url":"https:\/\/automatisme-ci.com\/en\/shop\/cnc\/control-unit\/richauto-a11-cnc-manette\/","og_site_name":"Automatisme | Pi\u00e8ces d\u00e9tach\u00e9es pour machines industrielles.","article_publisher":"https:\/\/www.facebook.com\/profile.php?id=100053614057280&mibextid=ZbWKwL","article_modified_time":"2023-11-01T04:51:29+00:00","og_image":[{"width":500,"height":500,"url":"https:\/\/automatisme-ci.com\/wp-content\/uploads\/2023\/11\/A11.png","type":"image\/png"}],"twitter_card":"summary_large_image","twitter_misc":{"Est. reading time":"2 minutes"},"schema":{"@context":"https:\/\/schema.org","@graph":[{"@type":"WebPage","@id":"https:\/\/automatisme-ci.com\/shop\/cnc\/control-unit\/richauto-a11-cnc-manette\/","url":"https:\/\/automatisme-ci.com\/shop\/cnc\/control-unit\/richauto-a11-cnc-manette\/","name":"RichAuto A11 CNC Manette - Automatisme | Pi\u00e8ces d\u00e9tach\u00e9es pour machines industrielles.","isPartOf":{"@id":"https:\/\/automatisme-ci.com\/#website"},"primaryImageOfPage":{"@id":"https:\/\/automatisme-ci.com\/shop\/cnc\/control-unit\/richauto-a11-cnc-manette\/#primaryimage"},"image":{"@id":"https:\/\/automatisme-ci.com\/shop\/cnc\/control-unit\/richauto-a11-cnc-manette\/#primaryimage"},"thumbnailUrl":"https:\/\/automatisme-ci.com\/wp-content\/uploads\/2023\/11\/A11.png","datePublished":"2023-11-01T04:51:01+00:00","dateModified":"2023-11-01T04:51:29+00:00","breadcrumb":{"@id":"https:\/\/automatisme-ci.com\/shop\/cnc\/control-unit\/richauto-a11-cnc-manette\/#breadcrumb"},"inLanguage":"en-US","potentialAction":[{"@type":"ReadAction","target":["https:\/\/automatisme-ci.com\/shop\/cnc\/control-unit\/richauto-a11-cnc-manette\/"]}]},{"@type":"ImageObject","inLanguage":"en-US","@id":"https:\/\/automatisme-ci.com\/shop\/cnc\/control-unit\/richauto-a11-cnc-manette\/#primaryimage","url":"https:\/\/automatisme-ci.com\/wp-content\/uploads\/2023\/11\/A11.png","contentUrl":"https:\/\/automatisme-ci.com\/wp-content\/uploads\/2023\/11\/A11.png","width":500,"height":500},{"@type":"BreadcrumbList","@id":"https:\/\/automatisme-ci.com\/shop\/cnc\/control-unit\/richauto-a11-cnc-manette\/#breadcrumb","itemListElement":[{"@type":"ListItem","position":1,"name":"Home","item":"https:\/\/automatisme-ci.com\/"},{"@type":"ListItem","position":2,"name":"Boutique","item":"https:\/\/automatisme-ci.com\/shop\/"},{"@type":"ListItem","position":3,"name":"RichAuto A11 CNC Manette"}]},{"@type":"WebSite","@id":"https:\/\/automatisme-ci.com\/#website","url":"https:\/\/automatisme-ci.com\/","name":"Automatisme | Pi\u00e8ces d\u00e9tach\u00e9es pour machines industrielles.","description":"votre destination unique pour les pi\u00e8ces de rechange de machines industrielles. Forts de plus de 10 ans d&#039;exp\u00e9rience dans l&#039;industrie, nous sommes votre partenaire de confiance pour la maintenance et l&#039;optimisation de vos machines. Notre engagement envers la qualit\u00e9, la pr\u00e9cision et la satisfaction client nous distingue dans l&#039;industrie des pi\u00e8ces de rechange.","publisher":{"@id":"https:\/\/automatisme-ci.com\/#organization"},"potentialAction":[{"@type":"SearchAction","target":{"@type":"EntryPoint","urlTemplate":"https:\/\/automatisme-ci.com\/?s={search_term_string}"},"query-input":{"@type":"PropertyValueSpecification","valueRequired":true,"valueName":"search_term_string"}}],"inLanguage":"en-US"},{"@type":"Organization","@id":"https:\/\/automatisme-ci.com\/#organization","name":"Automatisme | Pi\u00e8ces d\u00e9tach\u00e9es pour machines industrielles.","url":"https:\/\/automatisme-ci.com\/","logo":{"@type":"ImageObject","inLanguage":"en-US","@id":"https:\/\/automatisme-ci.com\/#\/schema\/logo\/image\/","url":"https:\/\/automatisme-ci.com\/wp-content\/uploads\/2023\/10\/logo-v1.webp","contentUrl":"https:\/\/automatisme-ci.com\/wp-content\/uploads\/2023\/10\/logo-v1.webp","width":500,"height":161,"caption":"Automatisme | Pi\u00e8ces d\u00e9tach\u00e9es pour machines industrielles."},"image":{"@id":"https:\/\/automatisme-ci.com\/#\/schema\/logo\/image\/"},"sameAs":["https:\/\/www.facebook.com\/profile.php?id=100053614057280&mibextid=ZbWKwL"]}]}},"jetpack_sharing_enabled":true,"_links":{"self":[{"href":"https:\/\/automatisme-ci.com\/en\/wp-json\/wp\/v2\/product\/10077","targetHints":{"allow":["GET"]}}],"collection":[{"href":"https:\/\/automatisme-ci.com\/en\/wp-json\/wp\/v2\/product"}],"about":[{"href":"https:\/\/automatisme-ci.com\/en\/wp-json\/wp\/v2\/types\/product"}],"version-history":[{"count":1,"href":"https:\/\/automatisme-ci.com\/en\/wp-json\/wp\/v2\/product\/10077\/revisions"}],"predecessor-version":[{"id":10079,"href":"https:\/\/automatisme-ci.com\/en\/wp-json\/wp\/v2\/product\/10077\/revisions\/10079"}],"wp:featuredmedia":[{"embeddable":true,"href":"https:\/\/automatisme-ci.com\/en\/wp-json\/wp\/v2\/media\/10078"}],"wp:attachment":[{"href":"https:\/\/automatisme-ci.com\/en\/wp-json\/wp\/v2\/media?parent=10077"}],"wp:term":[{"taxonomy":"product_brand","embeddable":true,"href":"https:\/\/automatisme-ci.com\/en\/wp-json\/wp\/v2\/product_brand?post=10077"},{"taxonomy":"product_cat","embeddable":true,"href":"https:\/\/automatisme-ci.com\/en\/wp-json\/wp\/v2\/product_cat?post=10077"},{"taxonomy":"product_tag","embeddable":true,"href":"https:\/\/automatisme-ci.com\/en\/wp-json\/wp\/v2\/product_tag?post=10077"}],"curies":[{"name":"wp","href":"https:\/\/api.w.org\/{rel}","templated":true}]}}