{"id":10072,"date":"2023-11-01T05:37:55","date_gmt":"2023-11-01T04:37:55","guid":{"rendered":"https:\/\/automatisme-ci.com\/?post_type=product&#038;p=10072"},"modified":"2023-11-02T03:38:56","modified_gmt":"2023-11-02T02:38:56","slug":"dma860h-carte-motuer-cnc","status":"publish","type":"product","link":"https:\/\/automatisme-ci.com\/en\/shop\/cnc\/stepper-drives\/dma860h-carte-motuer-cnc\/","title":{"rendered":"DMA860H Carte Moteur CNC"},"content":{"rendered":"<p>Le DMA860H est un variateur pas \u00e0 pas enti\u00e8rement num\u00e9rique d\u00e9velopp\u00e9 avec un algorithme de contr\u00f4le DSP avanc\u00e9 bas\u00e9 sur la derni\u00e8re technologie de contr\u00f4le de mouvement. Il a atteint un niveau unique de douceur du syst\u00e8me, offrant un couple optimal et annulant l&rsquo;instabilit\u00e9 \u00e0 mi-r\u00e9gime. Sa fonction d&rsquo;identification automatique du moteur et de configuration automatique des param\u00e8tres offre une configuration rapide vers des modes optimaux avec diff\u00e9rents moteurs. Compar\u00e9 aux entra\u00eenements analogiques traditionnels, le DMA860H peut piloter un moteur pas \u00e0 pas avec un bruit beaucoup plus faible, un chauffage moindre et un mouvement plus fluide. Ses caract\u00e9ristiques uniques font du DMA860H un choix id\u00e9al pour les applications exigeantes.<\/p>\n<p>L&rsquo;anti-r\u00e9sonance fournit un couple optimal et annule l&rsquo;instabilit\u00e9 \u00e0 mi-r\u00e9gime<\/p>\n<p>La technologie d\u2019auto-identification du moteur et de configuration automatique des param\u00e8tres offre des r\u00e9ponses optimales avec diff\u00e9rents moteurs<\/p>\n<p>Le multi-pas permet \u00e0 une entr\u00e9e pas \u00e0 pas de faible r\u00e9solution de produire une sortie micropas plus \u00e9lev\u00e9e, offrant ainsi un mouvement du moteur plus fluide<\/p>\n<p>16 r\u00e9solutions de micropas s\u00e9lectionnables, dont 400, 800, 1 600, 3 200, 6 400, 12 800, 25 600, 51 200, 1 000, 2 000, 4 000, 5 000, 8 000, 10 000, 20 000, 40 000<\/p>\n<p>D\u00e9marrage progressif sans \u00ab\u00a0saut\u00a0\u00bb \u00e0 la mise sous tension<\/p>\n<p>Tension d&rsquo;entr\u00e9e 18-80VAC ou 26-113VDC<\/p>\n<p>8 courants de cr\u00eate s\u00e9lectionnables, dont 2,40 A, 3,08 A, 3,77 A, 4,45 A, 5,14 A, 5,83 A, 6,52 A, 7,20 A.<\/p>\n<p>Fr\u00e9quence d&rsquo;entr\u00e9e d&rsquo;impulsion jusqu&rsquo;\u00e0 200 KHz, entr\u00e9e compatible TTL et optiquement isol\u00e9e<\/p>\n<p>R\u00e9duction automatique du courant de ralenti<\/p>\n<p>Convient aux moteurs biphas\u00e9s et quadriphas\u00e9s<\/p>\n<p>Prend en charge les modes PUL\/DIR et CW\/CCW<\/p>\n<p>Protections contre les surtensions et les surintensit\u00e9s<\/p>","protected":false},"excerpt":{"rendered":"<p>entr\u00e9e 18-80VAC ou 26-113VDC<\/p>\n<p>courants 7,20 A.<\/p>","protected":false},"featured_media":10075,"template":"","meta":[],"product_brand":[],"product_cat":[129],"product_tag":[],"class_list":{"0":"post-10072","1":"product","2":"type-product","3":"status-publish","4":"has-post-thumbnail","6":"product_cat-stepper-drives","8":"first","9":"instock","10":"shipping-taxable","11":"purchasable","12":"product-type-simple"},"yoast_head":"<!-- This site is optimized with the Yoast SEO plugin v24.9 - https:\/\/yoast.com\/wordpress\/plugins\/seo\/ -->\n<title>DMA860H Carte Moteur CNC - Automatisme | Pi\u00e8ces d\u00e9tach\u00e9es pour machines industrielles.<\/title>\n<meta name=\"robots\" content=\"index, follow, max-snippet:-1, max-image-preview:large, max-video-preview:-1\" \/>\n<link rel=\"canonical\" href=\"https:\/\/automatisme-ci.com\/en\/shop\/cnc\/stepper-drives\/dma860h-carte-motuer-cnc\/\" \/>\n<meta property=\"og:locale\" content=\"en_US\" \/>\n<meta property=\"og:type\" content=\"article\" \/>\n<meta property=\"og:title\" content=\"DMA860H Carte Moteur CNC - Automatisme | Pi\u00e8ces d\u00e9tach\u00e9es pour machines industrielles.\" \/>\n<meta property=\"og:description\" content=\"entr\u00e9e 18-80VAC ou 26-113VDC  courants 7,20 A.\" \/>\n<meta property=\"og:url\" content=\"https:\/\/automatisme-ci.com\/en\/shop\/cnc\/stepper-drives\/dma860h-carte-motuer-cnc\/\" \/>\n<meta property=\"og:site_name\" content=\"Automatisme | Pi\u00e8ces d\u00e9tach\u00e9es pour machines industrielles.\" \/>\n<meta property=\"article:publisher\" content=\"https:\/\/www.facebook.com\/profile.php?id=100053614057280&amp;mibextid=ZbWKwL\" \/>\n<meta property=\"article:modified_time\" content=\"2023-11-02T02:38:56+00:00\" \/>\n<meta property=\"og:image\" content=\"https:\/\/automatisme-ci.com\/wp-content\/uploads\/2023\/11\/stepper-drive.png\" \/>\n\t<meta property=\"og:image:width\" content=\"500\" \/>\n\t<meta property=\"og:image:height\" content=\"500\" \/>\n\t<meta property=\"og:image:type\" content=\"image\/png\" \/>\n<meta name=\"twitter:card\" content=\"summary_large_image\" \/>\n<meta name=\"twitter:label1\" content=\"Est. reading time\" \/>\n\t<meta name=\"twitter:data1\" content=\"2 minutes\" \/>\n<script type=\"application\/ld+json\" class=\"yoast-schema-graph\">{\"@context\":\"https:\/\/schema.org\",\"@graph\":[{\"@type\":\"WebPage\",\"@id\":\"https:\/\/automatisme-ci.com\/shop\/cnc\/stepper-drives\/dma860h-carte-motuer-cnc\/\",\"url\":\"https:\/\/automatisme-ci.com\/shop\/cnc\/stepper-drives\/dma860h-carte-motuer-cnc\/\",\"name\":\"DMA860H Carte Moteur CNC - Automatisme | Pi\u00e8ces d\u00e9tach\u00e9es pour machines industrielles.\",\"isPartOf\":{\"@id\":\"https:\/\/automatisme-ci.com\/#website\"},\"primaryImageOfPage\":{\"@id\":\"https:\/\/automatisme-ci.com\/shop\/cnc\/stepper-drives\/dma860h-carte-motuer-cnc\/#primaryimage\"},\"image\":{\"@id\":\"https:\/\/automatisme-ci.com\/shop\/cnc\/stepper-drives\/dma860h-carte-motuer-cnc\/#primaryimage\"},\"thumbnailUrl\":\"https:\/\/automatisme-ci.com\/wp-content\/uploads\/2023\/11\/stepper-drive.png\",\"datePublished\":\"2023-11-01T04:37:55+00:00\",\"dateModified\":\"2023-11-02T02:38:56+00:00\",\"breadcrumb\":{\"@id\":\"https:\/\/automatisme-ci.com\/shop\/cnc\/stepper-drives\/dma860h-carte-motuer-cnc\/#breadcrumb\"},\"inLanguage\":\"en-US\",\"potentialAction\":[{\"@type\":\"ReadAction\",\"target\":[\"https:\/\/automatisme-ci.com\/shop\/cnc\/stepper-drives\/dma860h-carte-motuer-cnc\/\"]}]},{\"@type\":\"ImageObject\",\"inLanguage\":\"en-US\",\"@id\":\"https:\/\/automatisme-ci.com\/shop\/cnc\/stepper-drives\/dma860h-carte-motuer-cnc\/#primaryimage\",\"url\":\"https:\/\/automatisme-ci.com\/wp-content\/uploads\/2023\/11\/stepper-drive.png\",\"contentUrl\":\"https:\/\/automatisme-ci.com\/wp-content\/uploads\/2023\/11\/stepper-drive.png\",\"width\":500,\"height\":500},{\"@type\":\"BreadcrumbList\",\"@id\":\"https:\/\/automatisme-ci.com\/shop\/cnc\/stepper-drives\/dma860h-carte-motuer-cnc\/#breadcrumb\",\"itemListElement\":[{\"@type\":\"ListItem\",\"position\":1,\"name\":\"Home\",\"item\":\"https:\/\/automatisme-ci.com\/\"},{\"@type\":\"ListItem\",\"position\":2,\"name\":\"Boutique\",\"item\":\"https:\/\/automatisme-ci.com\/shop\/\"},{\"@type\":\"ListItem\",\"position\":3,\"name\":\"DMA860H Carte Moteur CNC\"}]},{\"@type\":\"WebSite\",\"@id\":\"https:\/\/automatisme-ci.com\/#website\",\"url\":\"https:\/\/automatisme-ci.com\/\",\"name\":\"Automatisme | Pi\u00e8ces d\u00e9tach\u00e9es pour machines industrielles.\",\"description\":\"votre destination unique pour les pi\u00e8ces de rechange de machines industrielles. Forts de plus de 10 ans d&#039;exp\u00e9rience dans l&#039;industrie, nous sommes votre partenaire de confiance pour la maintenance et l&#039;optimisation de vos machines. Notre engagement envers la qualit\u00e9, la pr\u00e9cision et la satisfaction client nous distingue dans l&#039;industrie des pi\u00e8ces de rechange.\",\"publisher\":{\"@id\":\"https:\/\/automatisme-ci.com\/#organization\"},\"potentialAction\":[{\"@type\":\"SearchAction\",\"target\":{\"@type\":\"EntryPoint\",\"urlTemplate\":\"https:\/\/automatisme-ci.com\/?s={search_term_string}\"},\"query-input\":{\"@type\":\"PropertyValueSpecification\",\"valueRequired\":true,\"valueName\":\"search_term_string\"}}],\"inLanguage\":\"en-US\"},{\"@type\":\"Organization\",\"@id\":\"https:\/\/automatisme-ci.com\/#organization\",\"name\":\"Automatisme | Pi\u00e8ces d\u00e9tach\u00e9es pour machines industrielles.\",\"url\":\"https:\/\/automatisme-ci.com\/\",\"logo\":{\"@type\":\"ImageObject\",\"inLanguage\":\"en-US\",\"@id\":\"https:\/\/automatisme-ci.com\/#\/schema\/logo\/image\/\",\"url\":\"https:\/\/automatisme-ci.com\/wp-content\/uploads\/2023\/10\/logo-v1.webp\",\"contentUrl\":\"https:\/\/automatisme-ci.com\/wp-content\/uploads\/2023\/10\/logo-v1.webp\",\"width\":500,\"height\":161,\"caption\":\"Automatisme | Pi\u00e8ces d\u00e9tach\u00e9es pour machines industrielles.\"},\"image\":{\"@id\":\"https:\/\/automatisme-ci.com\/#\/schema\/logo\/image\/\"},\"sameAs\":[\"https:\/\/www.facebook.com\/profile.php?id=100053614057280&mibextid=ZbWKwL\"]}]}<\/script>\n<!-- \/ Yoast SEO plugin. -->","yoast_head_json":{"title":"DMA860H Carte Moteur CNC - Automatisme | Pi\u00e8ces d\u00e9tach\u00e9es pour machines industrielles.","robots":{"index":"index","follow":"follow","max-snippet":"max-snippet:-1","max-image-preview":"max-image-preview:large","max-video-preview":"max-video-preview:-1"},"canonical":"https:\/\/automatisme-ci.com\/en\/shop\/cnc\/stepper-drives\/dma860h-carte-motuer-cnc\/","og_locale":"en_US","og_type":"article","og_title":"DMA860H Carte Moteur CNC - Automatisme | Pi\u00e8ces d\u00e9tach\u00e9es pour machines industrielles.","og_description":"entr\u00e9e 18-80VAC ou 26-113VDC  courants 7,20 A.","og_url":"https:\/\/automatisme-ci.com\/en\/shop\/cnc\/stepper-drives\/dma860h-carte-motuer-cnc\/","og_site_name":"Automatisme | Pi\u00e8ces d\u00e9tach\u00e9es pour machines industrielles.","article_publisher":"https:\/\/www.facebook.com\/profile.php?id=100053614057280&mibextid=ZbWKwL","article_modified_time":"2023-11-02T02:38:56+00:00","og_image":[{"width":500,"height":500,"url":"https:\/\/automatisme-ci.com\/wp-content\/uploads\/2023\/11\/stepper-drive.png","type":"image\/png"}],"twitter_card":"summary_large_image","twitter_misc":{"Est. reading time":"2 minutes"},"schema":{"@context":"https:\/\/schema.org","@graph":[{"@type":"WebPage","@id":"https:\/\/automatisme-ci.com\/shop\/cnc\/stepper-drives\/dma860h-carte-motuer-cnc\/","url":"https:\/\/automatisme-ci.com\/shop\/cnc\/stepper-drives\/dma860h-carte-motuer-cnc\/","name":"DMA860H Carte Moteur CNC - Automatisme | Pi\u00e8ces d\u00e9tach\u00e9es pour machines industrielles.","isPartOf":{"@id":"https:\/\/automatisme-ci.com\/#website"},"primaryImageOfPage":{"@id":"https:\/\/automatisme-ci.com\/shop\/cnc\/stepper-drives\/dma860h-carte-motuer-cnc\/#primaryimage"},"image":{"@id":"https:\/\/automatisme-ci.com\/shop\/cnc\/stepper-drives\/dma860h-carte-motuer-cnc\/#primaryimage"},"thumbnailUrl":"https:\/\/automatisme-ci.com\/wp-content\/uploads\/2023\/11\/stepper-drive.png","datePublished":"2023-11-01T04:37:55+00:00","dateModified":"2023-11-02T02:38:56+00:00","breadcrumb":{"@id":"https:\/\/automatisme-ci.com\/shop\/cnc\/stepper-drives\/dma860h-carte-motuer-cnc\/#breadcrumb"},"inLanguage":"en-US","potentialAction":[{"@type":"ReadAction","target":["https:\/\/automatisme-ci.com\/shop\/cnc\/stepper-drives\/dma860h-carte-motuer-cnc\/"]}]},{"@type":"ImageObject","inLanguage":"en-US","@id":"https:\/\/automatisme-ci.com\/shop\/cnc\/stepper-drives\/dma860h-carte-motuer-cnc\/#primaryimage","url":"https:\/\/automatisme-ci.com\/wp-content\/uploads\/2023\/11\/stepper-drive.png","contentUrl":"https:\/\/automatisme-ci.com\/wp-content\/uploads\/2023\/11\/stepper-drive.png","width":500,"height":500},{"@type":"BreadcrumbList","@id":"https:\/\/automatisme-ci.com\/shop\/cnc\/stepper-drives\/dma860h-carte-motuer-cnc\/#breadcrumb","itemListElement":[{"@type":"ListItem","position":1,"name":"Home","item":"https:\/\/automatisme-ci.com\/"},{"@type":"ListItem","position":2,"name":"Boutique","item":"https:\/\/automatisme-ci.com\/shop\/"},{"@type":"ListItem","position":3,"name":"DMA860H Carte Moteur CNC"}]},{"@type":"WebSite","@id":"https:\/\/automatisme-ci.com\/#website","url":"https:\/\/automatisme-ci.com\/","name":"Automatisme | Pi\u00e8ces d\u00e9tach\u00e9es pour machines industrielles.","description":"votre destination unique pour les pi\u00e8ces de rechange de machines industrielles. Forts de plus de 10 ans d&#039;exp\u00e9rience dans l&#039;industrie, nous sommes votre partenaire de confiance pour la maintenance et l&#039;optimisation de vos machines. Notre engagement envers la qualit\u00e9, la pr\u00e9cision et la satisfaction client nous distingue dans l&#039;industrie des pi\u00e8ces de rechange.","publisher":{"@id":"https:\/\/automatisme-ci.com\/#organization"},"potentialAction":[{"@type":"SearchAction","target":{"@type":"EntryPoint","urlTemplate":"https:\/\/automatisme-ci.com\/?s={search_term_string}"},"query-input":{"@type":"PropertyValueSpecification","valueRequired":true,"valueName":"search_term_string"}}],"inLanguage":"en-US"},{"@type":"Organization","@id":"https:\/\/automatisme-ci.com\/#organization","name":"Automatisme | Pi\u00e8ces d\u00e9tach\u00e9es pour machines industrielles.","url":"https:\/\/automatisme-ci.com\/","logo":{"@type":"ImageObject","inLanguage":"en-US","@id":"https:\/\/automatisme-ci.com\/#\/schema\/logo\/image\/","url":"https:\/\/automatisme-ci.com\/wp-content\/uploads\/2023\/10\/logo-v1.webp","contentUrl":"https:\/\/automatisme-ci.com\/wp-content\/uploads\/2023\/10\/logo-v1.webp","width":500,"height":161,"caption":"Automatisme | Pi\u00e8ces d\u00e9tach\u00e9es pour machines industrielles."},"image":{"@id":"https:\/\/automatisme-ci.com\/#\/schema\/logo\/image\/"},"sameAs":["https:\/\/www.facebook.com\/profile.php?id=100053614057280&mibextid=ZbWKwL"]}]}},"jetpack_sharing_enabled":true,"_links":{"self":[{"href":"https:\/\/automatisme-ci.com\/en\/wp-json\/wp\/v2\/product\/10072","targetHints":{"allow":["GET"]}}],"collection":[{"href":"https:\/\/automatisme-ci.com\/en\/wp-json\/wp\/v2\/product"}],"about":[{"href":"https:\/\/automatisme-ci.com\/en\/wp-json\/wp\/v2\/types\/product"}],"version-history":[{"count":2,"href":"https:\/\/automatisme-ci.com\/en\/wp-json\/wp\/v2\/product\/10072\/revisions"}],"predecessor-version":[{"id":10105,"href":"https:\/\/automatisme-ci.com\/en\/wp-json\/wp\/v2\/product\/10072\/revisions\/10105"}],"wp:featuredmedia":[{"embeddable":true,"href":"https:\/\/automatisme-ci.com\/en\/wp-json\/wp\/v2\/media\/10075"}],"wp:attachment":[{"href":"https:\/\/automatisme-ci.com\/en\/wp-json\/wp\/v2\/media?parent=10072"}],"wp:term":[{"taxonomy":"product_brand","embeddable":true,"href":"https:\/\/automatisme-ci.com\/en\/wp-json\/wp\/v2\/product_brand?post=10072"},{"taxonomy":"product_cat","embeddable":true,"href":"https:\/\/automatisme-ci.com\/en\/wp-json\/wp\/v2\/product_cat?post=10072"},{"taxonomy":"product_tag","embeddable":true,"href":"https:\/\/automatisme-ci.com\/en\/wp-json\/wp\/v2\/product_tag?post=10072"}],"curies":[{"name":"wp","href":"https:\/\/api.w.org\/{rel}","templated":true}]}}