{"id":10053,"date":"2023-11-01T03:13:12","date_gmt":"2023-11-01T02:13:12","guid":{"rendered":"https:\/\/automatisme-ci.com\/?post_type=product&#038;p=10053"},"modified":"2023-11-01T03:41:09","modified_gmt":"2023-11-01T02:41:09","slug":"moteur-cnc-86cm114","status":"publish","type":"product","link":"https:\/\/automatisme-ci.com\/en\/shop\/cnc\/stepper-motors\/moteur-cnc-86cm114\/","title":{"rendered":"Moteur CNC 86CM114"},"content":{"rendered":"<p>Les moteurs pas \u00e0 pas de la s\u00e9rie CM peuvent \u00eatre mis en \u0153uvre dans de nombreuses applications de contr\u00f4le de mouvement industriel. Construits avec des mat\u00e9riaux de premi\u00e8re qualit\u00e9, notamment des roulements et des arbres fabriqu\u00e9s par des fabricants c\u00e9l\u00e8bres, ils peuvent d\u00e9placer la charge attach\u00e9e avec une haute pr\u00e9cision et avec un \u00e9chauffement et des vibrations du moteur tr\u00e8s faibles.<\/p>\n<p>86CM114<br \/>\nBiphas\u00e9, taille de cadre NEMA 34<\/p>\n<p>114 mm\u00a0 de longueur<\/p>\n<p>Courant de phase 4.5 A<\/p>\n<p>Couple de maintien de 8 N.m (1\u00a0133 oz-in)<\/p>\n<p>Taille d&rsquo;arbre de 14 mm<\/p>\n<p>Construit avec des mat\u00e9riaux de haute qualit\u00e9, notamment des roulements et un arbre fabriqu\u00e9s par des fabricants japonais<\/p>\n<p>Haute pr\u00e9cision, faible \u00e9chauffement du moteur et faibles vibrations<\/p>","protected":false},"excerpt":{"rendered":"<p>CNC Machine<\/p>\n<p>86CM114<\/p>\n<p>8 N.M<\/p>","protected":false},"featured_media":10057,"template":"","meta":[],"product_brand":[],"product_cat":[128],"product_tag":[],"class_list":{"0":"post-10053","1":"product","2":"type-product","3":"status-publish","4":"has-post-thumbnail","6":"product_cat-stepper-motors","8":"first","9":"instock","10":"shipping-taxable","11":"purchasable","12":"product-type-simple"},"yoast_head":"<!-- This site is optimized with the Yoast SEO plugin v24.9 - https:\/\/yoast.com\/wordpress\/plugins\/seo\/ -->\n<title>Moteur CNC 86CM114 - Automatisme | Pi\u00e8ces d\u00e9tach\u00e9es pour machines industrielles.<\/title>\n<meta name=\"robots\" content=\"index, follow, max-snippet:-1, max-image-preview:large, max-video-preview:-1\" \/>\n<link rel=\"canonical\" href=\"https:\/\/automatisme-ci.com\/en\/shop\/cnc\/stepper-motors\/moteur-cnc-86cm114\/\" \/>\n<meta property=\"og:locale\" content=\"en_US\" \/>\n<meta property=\"og:type\" content=\"article\" \/>\n<meta property=\"og:title\" content=\"Moteur CNC 86CM114 - Automatisme | Pi\u00e8ces d\u00e9tach\u00e9es pour machines industrielles.\" \/>\n<meta property=\"og:description\" content=\"CNC Machine  86CM114  8 N.M\" \/>\n<meta property=\"og:url\" content=\"https:\/\/automatisme-ci.com\/en\/shop\/cnc\/stepper-motors\/moteur-cnc-86cm114\/\" \/>\n<meta property=\"og:site_name\" content=\"Automatisme | Pi\u00e8ces d\u00e9tach\u00e9es pour machines industrielles.\" \/>\n<meta property=\"article:publisher\" content=\"https:\/\/www.facebook.com\/profile.php?id=100053614057280&amp;mibextid=ZbWKwL\" \/>\n<meta property=\"article:modified_time\" content=\"2023-11-01T02:41:09+00:00\" \/>\n<meta property=\"og:image\" content=\"https:\/\/automatisme-ci.com\/wp-content\/uploads\/2023\/11\/M8nm2.png\" \/>\n\t<meta property=\"og:image:width\" content=\"500\" \/>\n\t<meta property=\"og:image:height\" content=\"500\" \/>\n\t<meta property=\"og:image:type\" content=\"image\/png\" \/>\n<meta name=\"twitter:card\" content=\"summary_large_image\" \/>\n<meta name=\"twitter:label1\" content=\"Est. reading time\" \/>\n\t<meta name=\"twitter:data1\" content=\"1 minute\" \/>\n<script type=\"application\/ld+json\" class=\"yoast-schema-graph\">{\"@context\":\"https:\/\/schema.org\",\"@graph\":[{\"@type\":\"WebPage\",\"@id\":\"https:\/\/automatisme-ci.com\/shop\/cnc\/stepper-motors\/moteur-cnc-86cm114\/\",\"url\":\"https:\/\/automatisme-ci.com\/shop\/cnc\/stepper-motors\/moteur-cnc-86cm114\/\",\"name\":\"Moteur CNC 86CM114 - Automatisme | Pi\u00e8ces d\u00e9tach\u00e9es pour machines industrielles.\",\"isPartOf\":{\"@id\":\"https:\/\/automatisme-ci.com\/#website\"},\"primaryImageOfPage\":{\"@id\":\"https:\/\/automatisme-ci.com\/shop\/cnc\/stepper-motors\/moteur-cnc-86cm114\/#primaryimage\"},\"image\":{\"@id\":\"https:\/\/automatisme-ci.com\/shop\/cnc\/stepper-motors\/moteur-cnc-86cm114\/#primaryimage\"},\"thumbnailUrl\":\"https:\/\/automatisme-ci.com\/wp-content\/uploads\/2023\/11\/M8nm2.png\",\"datePublished\":\"2023-11-01T02:13:12+00:00\",\"dateModified\":\"2023-11-01T02:41:09+00:00\",\"breadcrumb\":{\"@id\":\"https:\/\/automatisme-ci.com\/shop\/cnc\/stepper-motors\/moteur-cnc-86cm114\/#breadcrumb\"},\"inLanguage\":\"en-US\",\"potentialAction\":[{\"@type\":\"ReadAction\",\"target\":[\"https:\/\/automatisme-ci.com\/shop\/cnc\/stepper-motors\/moteur-cnc-86cm114\/\"]}]},{\"@type\":\"ImageObject\",\"inLanguage\":\"en-US\",\"@id\":\"https:\/\/automatisme-ci.com\/shop\/cnc\/stepper-motors\/moteur-cnc-86cm114\/#primaryimage\",\"url\":\"https:\/\/automatisme-ci.com\/wp-content\/uploads\/2023\/11\/M8nm2.png\",\"contentUrl\":\"https:\/\/automatisme-ci.com\/wp-content\/uploads\/2023\/11\/M8nm2.png\",\"width\":500,\"height\":500},{\"@type\":\"BreadcrumbList\",\"@id\":\"https:\/\/automatisme-ci.com\/shop\/cnc\/stepper-motors\/moteur-cnc-86cm114\/#breadcrumb\",\"itemListElement\":[{\"@type\":\"ListItem\",\"position\":1,\"name\":\"Home\",\"item\":\"https:\/\/automatisme-ci.com\/\"},{\"@type\":\"ListItem\",\"position\":2,\"name\":\"Boutique\",\"item\":\"https:\/\/automatisme-ci.com\/shop\/\"},{\"@type\":\"ListItem\",\"position\":3,\"name\":\"Moteur CNC 86CM114\"}]},{\"@type\":\"WebSite\",\"@id\":\"https:\/\/automatisme-ci.com\/#website\",\"url\":\"https:\/\/automatisme-ci.com\/\",\"name\":\"Automatisme | Pi\u00e8ces d\u00e9tach\u00e9es pour machines industrielles.\",\"description\":\"votre destination unique pour les pi\u00e8ces de rechange de machines industrielles. Forts de plus de 10 ans d&#039;exp\u00e9rience dans l&#039;industrie, nous sommes votre partenaire de confiance pour la maintenance et l&#039;optimisation de vos machines. Notre engagement envers la qualit\u00e9, la pr\u00e9cision et la satisfaction client nous distingue dans l&#039;industrie des pi\u00e8ces de rechange.\",\"publisher\":{\"@id\":\"https:\/\/automatisme-ci.com\/#organization\"},\"potentialAction\":[{\"@type\":\"SearchAction\",\"target\":{\"@type\":\"EntryPoint\",\"urlTemplate\":\"https:\/\/automatisme-ci.com\/?s={search_term_string}\"},\"query-input\":{\"@type\":\"PropertyValueSpecification\",\"valueRequired\":true,\"valueName\":\"search_term_string\"}}],\"inLanguage\":\"en-US\"},{\"@type\":\"Organization\",\"@id\":\"https:\/\/automatisme-ci.com\/#organization\",\"name\":\"Automatisme | Pi\u00e8ces d\u00e9tach\u00e9es pour machines industrielles.\",\"url\":\"https:\/\/automatisme-ci.com\/\",\"logo\":{\"@type\":\"ImageObject\",\"inLanguage\":\"en-US\",\"@id\":\"https:\/\/automatisme-ci.com\/#\/schema\/logo\/image\/\",\"url\":\"https:\/\/automatisme-ci.com\/wp-content\/uploads\/2023\/10\/logo-v1.webp\",\"contentUrl\":\"https:\/\/automatisme-ci.com\/wp-content\/uploads\/2023\/10\/logo-v1.webp\",\"width\":500,\"height\":161,\"caption\":\"Automatisme | Pi\u00e8ces d\u00e9tach\u00e9es pour machines industrielles.\"},\"image\":{\"@id\":\"https:\/\/automatisme-ci.com\/#\/schema\/logo\/image\/\"},\"sameAs\":[\"https:\/\/www.facebook.com\/profile.php?id=100053614057280&mibextid=ZbWKwL\"]}]}<\/script>\n<!-- \/ Yoast SEO plugin. -->","yoast_head_json":{"title":"Moteur CNC 86CM114 - Automatisme | Pi\u00e8ces d\u00e9tach\u00e9es pour machines industrielles.","robots":{"index":"index","follow":"follow","max-snippet":"max-snippet:-1","max-image-preview":"max-image-preview:large","max-video-preview":"max-video-preview:-1"},"canonical":"https:\/\/automatisme-ci.com\/en\/shop\/cnc\/stepper-motors\/moteur-cnc-86cm114\/","og_locale":"en_US","og_type":"article","og_title":"Moteur CNC 86CM114 - Automatisme | Pi\u00e8ces d\u00e9tach\u00e9es pour machines industrielles.","og_description":"CNC Machine  86CM114  8 N.M","og_url":"https:\/\/automatisme-ci.com\/en\/shop\/cnc\/stepper-motors\/moteur-cnc-86cm114\/","og_site_name":"Automatisme | Pi\u00e8ces d\u00e9tach\u00e9es pour machines industrielles.","article_publisher":"https:\/\/www.facebook.com\/profile.php?id=100053614057280&mibextid=ZbWKwL","article_modified_time":"2023-11-01T02:41:09+00:00","og_image":[{"width":500,"height":500,"url":"https:\/\/automatisme-ci.com\/wp-content\/uploads\/2023\/11\/M8nm2.png","type":"image\/png"}],"twitter_card":"summary_large_image","twitter_misc":{"Est. reading time":"1 minute"},"schema":{"@context":"https:\/\/schema.org","@graph":[{"@type":"WebPage","@id":"https:\/\/automatisme-ci.com\/shop\/cnc\/stepper-motors\/moteur-cnc-86cm114\/","url":"https:\/\/automatisme-ci.com\/shop\/cnc\/stepper-motors\/moteur-cnc-86cm114\/","name":"Moteur CNC 86CM114 - Automatisme | Pi\u00e8ces d\u00e9tach\u00e9es pour machines industrielles.","isPartOf":{"@id":"https:\/\/automatisme-ci.com\/#website"},"primaryImageOfPage":{"@id":"https:\/\/automatisme-ci.com\/shop\/cnc\/stepper-motors\/moteur-cnc-86cm114\/#primaryimage"},"image":{"@id":"https:\/\/automatisme-ci.com\/shop\/cnc\/stepper-motors\/moteur-cnc-86cm114\/#primaryimage"},"thumbnailUrl":"https:\/\/automatisme-ci.com\/wp-content\/uploads\/2023\/11\/M8nm2.png","datePublished":"2023-11-01T02:13:12+00:00","dateModified":"2023-11-01T02:41:09+00:00","breadcrumb":{"@id":"https:\/\/automatisme-ci.com\/shop\/cnc\/stepper-motors\/moteur-cnc-86cm114\/#breadcrumb"},"inLanguage":"en-US","potentialAction":[{"@type":"ReadAction","target":["https:\/\/automatisme-ci.com\/shop\/cnc\/stepper-motors\/moteur-cnc-86cm114\/"]}]},{"@type":"ImageObject","inLanguage":"en-US","@id":"https:\/\/automatisme-ci.com\/shop\/cnc\/stepper-motors\/moteur-cnc-86cm114\/#primaryimage","url":"https:\/\/automatisme-ci.com\/wp-content\/uploads\/2023\/11\/M8nm2.png","contentUrl":"https:\/\/automatisme-ci.com\/wp-content\/uploads\/2023\/11\/M8nm2.png","width":500,"height":500},{"@type":"BreadcrumbList","@id":"https:\/\/automatisme-ci.com\/shop\/cnc\/stepper-motors\/moteur-cnc-86cm114\/#breadcrumb","itemListElement":[{"@type":"ListItem","position":1,"name":"Home","item":"https:\/\/automatisme-ci.com\/"},{"@type":"ListItem","position":2,"name":"Boutique","item":"https:\/\/automatisme-ci.com\/shop\/"},{"@type":"ListItem","position":3,"name":"Moteur CNC 86CM114"}]},{"@type":"WebSite","@id":"https:\/\/automatisme-ci.com\/#website","url":"https:\/\/automatisme-ci.com\/","name":"Automatisme | Pi\u00e8ces d\u00e9tach\u00e9es pour machines industrielles.","description":"votre destination unique pour les pi\u00e8ces de rechange de machines industrielles. Forts de plus de 10 ans d&#039;exp\u00e9rience dans l&#039;industrie, nous sommes votre partenaire de confiance pour la maintenance et l&#039;optimisation de vos machines. Notre engagement envers la qualit\u00e9, la pr\u00e9cision et la satisfaction client nous distingue dans l&#039;industrie des pi\u00e8ces de rechange.","publisher":{"@id":"https:\/\/automatisme-ci.com\/#organization"},"potentialAction":[{"@type":"SearchAction","target":{"@type":"EntryPoint","urlTemplate":"https:\/\/automatisme-ci.com\/?s={search_term_string}"},"query-input":{"@type":"PropertyValueSpecification","valueRequired":true,"valueName":"search_term_string"}}],"inLanguage":"en-US"},{"@type":"Organization","@id":"https:\/\/automatisme-ci.com\/#organization","name":"Automatisme | Pi\u00e8ces d\u00e9tach\u00e9es pour machines industrielles.","url":"https:\/\/automatisme-ci.com\/","logo":{"@type":"ImageObject","inLanguage":"en-US","@id":"https:\/\/automatisme-ci.com\/#\/schema\/logo\/image\/","url":"https:\/\/automatisme-ci.com\/wp-content\/uploads\/2023\/10\/logo-v1.webp","contentUrl":"https:\/\/automatisme-ci.com\/wp-content\/uploads\/2023\/10\/logo-v1.webp","width":500,"height":161,"caption":"Automatisme | Pi\u00e8ces d\u00e9tach\u00e9es pour machines industrielles."},"image":{"@id":"https:\/\/automatisme-ci.com\/#\/schema\/logo\/image\/"},"sameAs":["https:\/\/www.facebook.com\/profile.php?id=100053614057280&mibextid=ZbWKwL"]}]}},"jetpack_sharing_enabled":true,"_links":{"self":[{"href":"https:\/\/automatisme-ci.com\/en\/wp-json\/wp\/v2\/product\/10053","targetHints":{"allow":["GET"]}}],"collection":[{"href":"https:\/\/automatisme-ci.com\/en\/wp-json\/wp\/v2\/product"}],"about":[{"href":"https:\/\/automatisme-ci.com\/en\/wp-json\/wp\/v2\/types\/product"}],"version-history":[{"count":1,"href":"https:\/\/automatisme-ci.com\/en\/wp-json\/wp\/v2\/product\/10053\/revisions"}],"predecessor-version":[{"id":10055,"href":"https:\/\/automatisme-ci.com\/en\/wp-json\/wp\/v2\/product\/10053\/revisions\/10055"}],"wp:featuredmedia":[{"embeddable":true,"href":"https:\/\/automatisme-ci.com\/en\/wp-json\/wp\/v2\/media\/10057"}],"wp:attachment":[{"href":"https:\/\/automatisme-ci.com\/en\/wp-json\/wp\/v2\/media?parent=10053"}],"wp:term":[{"taxonomy":"product_brand","embeddable":true,"href":"https:\/\/automatisme-ci.com\/en\/wp-json\/wp\/v2\/product_brand?post=10053"},{"taxonomy":"product_cat","embeddable":true,"href":"https:\/\/automatisme-ci.com\/en\/wp-json\/wp\/v2\/product_cat?post=10053"},{"taxonomy":"product_tag","embeddable":true,"href":"https:\/\/automatisme-ci.com\/en\/wp-json\/wp\/v2\/product_tag?post=10053"}],"curies":[{"name":"wp","href":"https:\/\/api.w.org\/{rel}","templated":true}]}}